{"id":23810,"date":"2019-05-22T09:52:57","date_gmt":"2019-05-22T09:52:57","guid":{"rendered":"https:\/\/deutschcolor.com\/it\/?post_type=product&#038;p=23810"},"modified":"2019-07-11T13:04:42","modified_gmt":"2019-07-11T13:04:42","slug":"wa-600-2k","status":"publish","type":"product","link":"https:\/\/deutschcolor.com\/it\/product\/wa-600-2k\/","title":{"rendered":"WA 600 2K"},"content":{"rendered":"<p><strong>Caratteristiche<\/strong><br \/>\n&#8211; WA 600 2K \u00e8 un adesivo bicomponente.<br \/>\n&#8211; WA 600 2K si indurisce anche a temperature vicino al congelamento<br \/>\n&#8211; Tuttavia, si raccomanda di effettuare l\u2019installazione almeno in +10\u00b0C.<br \/>\n&#8211; WA 600 2K ha una elevata adesivit\u00e0, che lo rende calpestabile dopo 24 ore.<br \/>\n&#8211; WA 600 2K raggiunge un elevato livello di flessibilit\u00e0 e adesivit\u00e0, ed \u00e8<br \/>\nresistente ai normali movimenti igrometrici di legno e all\u2019espansione<br \/>\ntermica della superfice.<br \/>\n&#8211; WA 600 2K \u00e8 completamente resistente alle muffe e batteri, grazie agli<br \/>\nstrati speciali che contiene.<br \/>\n&#8211; Non classificato come materiale pericoloso.<\/p>\n<p>###<\/p>\n<p><strong>Conservazione<\/strong><br \/>\n24 mesi, se immagazzinato in un ambiente asciutto, nella sua confezione<br \/>\noriginale e chiusa.<\/p>\n<p><strong>Consumo<\/strong>: 1- 1.5 kg\/m2<\/p>\n<p><strong>Imballaggio<\/strong>: Contenitore di plastica 5 kg\/15kg<\/p>\n","protected":false},"excerpt":{"rendered":"<p>Adesivo per tutti i tipi di parquet, a base dipoliuretano bicomponente, a bassissima emissione di sostanze organiche volatile, VOC.<\/p>\n","protected":false},"featured_media":24461,"comment_status":"closed","ping_status":"closed","template":"","meta":{"_monsterinsights_skip_tracking":false,"_monsterinsights_sitenote_active":false,"_monsterinsights_sitenote_note":"","_monsterinsights_sitenote_category":0},"aioseo_notices":[],"_links":{"self":[{"href":"https:\/\/deutschcolor.com\/it\/wp-json\/wp\/v2\/product\/23810"}],"collection":[{"href":"https:\/\/deutschcolor.com\/it\/wp-json\/wp\/v2\/product"}],"about":[{"href":"https:\/\/deutschcolor.com\/it\/wp-json\/wp\/v2\/types\/product"}],"replies":[{"embeddable":true,"href":"https:\/\/deutschcolor.com\/it\/wp-json\/wp\/v2\/comments?post=23810"}],"wp:featuredmedia":[{"embeddable":true,"href":"https:\/\/deutschcolor.com\/it\/wp-json\/wp\/v2\/media\/24461"}],"wp:attachment":[{"href":"https:\/\/deutschcolor.com\/it\/wp-json\/wp\/v2\/media?parent=23810"}],"curies":[{"name":"wp","href":"https:\/\/api.w.org\/{rel}","templated":true}]}}