{"id":23826,"date":"2019-05-22T10:15:25","date_gmt":"2019-05-22T10:15:25","guid":{"rendered":"https:\/\/deutschcolor.com\/it\/?post_type=product&#038;p=23826"},"modified":"2019-07-11T13:10:54","modified_gmt":"2019-07-11T13:10:54","slug":"3d-fugen","status":"publish","type":"product","link":"https:\/\/deutschcolor.com\/it\/product\/3d-fugen\/","title":{"rendered":"3D FUGEN"},"content":{"rendered":"<p><strong>Caratteristiche<\/strong><br \/>\nStucco bicomponente con 30 sfumature preparate, senza diluenti, a base di resine epossidiche e inerti salicilico sottili. \u00c8 resistente agli acidi, alcali, detergenti forti, la maggior parte dei diluenti organici e all\u2019acqua clorurata o salata. Mostra ottima lavorabilit\u00e0, elevata adesivit\u00e0 nei bordi delle fughe ed \u00e8 completamente impermeabile. Non \u00e8 assorbente, non consente lo sviluppo di batteri, \u00e8 facilita la pulizia giornalmente, ed \u00e8 anche resistente alle condizioni igieniche. \u00c8 adatto per fughe ampie, 1 &#8211; 10 mm. La superfice finale \u00e8 assolutamente soffice, come la porcellana. Prima dell\u2019indurimento, si pulisce facilmente con acqua tiepida. Il prodotto \u00e8 classificato nella categoria RG2, secondo la EN 13888.<\/p>\n<p>###<\/p>\n<p><strong>Conservazione<\/strong><br \/>\n\u00c8 conservato in ambienti ombreggiati e asciutti con un basso livello di umidit\u00e0, per almeno 24 mesi dalla data di produzione.<\/p>\n<p><strong>Consumo<\/strong>: 0.2- 1 kg\/m2<\/p>\n<p><strong>Imballaggio<\/strong>: Secchio 3 kg<\/p>\n","protected":false},"excerpt":{"rendered":"<p>Stucco per piastrelle, a base epossidica, bicomponente.<\/p>\n","protected":false},"featured_media":24469,"comment_status":"closed","ping_status":"closed","template":"","meta":{"_monsterinsights_skip_tracking":false,"_monsterinsights_sitenote_active":false,"_monsterinsights_sitenote_note":"","_monsterinsights_sitenote_category":0},"aioseo_notices":[],"_links":{"self":[{"href":"https:\/\/deutschcolor.com\/it\/wp-json\/wp\/v2\/product\/23826"}],"collection":[{"href":"https:\/\/deutschcolor.com\/it\/wp-json\/wp\/v2\/product"}],"about":[{"href":"https:\/\/deutschcolor.com\/it\/wp-json\/wp\/v2\/types\/product"}],"replies":[{"embeddable":true,"href":"https:\/\/deutschcolor.com\/it\/wp-json\/wp\/v2\/comments?post=23826"}],"wp:featuredmedia":[{"embeddable":true,"href":"https:\/\/deutschcolor.com\/it\/wp-json\/wp\/v2\/media\/24469"}],"wp:attachment":[{"href":"https:\/\/deutschcolor.com\/it\/wp-json\/wp\/v2\/media?parent=23826"}],"curies":[{"name":"wp","href":"https:\/\/api.w.org\/{rel}","templated":true}]}}