{"id":23829,"date":"2019-05-22T10:17:55","date_gmt":"2019-05-22T10:17:55","guid":{"rendered":"https:\/\/deutschcolor.com\/it\/?post_type=product&#038;p=23829"},"modified":"2019-07-11T13:11:53","modified_gmt":"2019-07-11T13:11:53","slug":"epo-color","status":"publish","type":"product","link":"https:\/\/deutschcolor.com\/it\/product\/epo-color\/","title":{"rendered":"EPO COLOR"},"content":{"rendered":"<p><strong>Caratteristiche<\/strong><br \/>\nEpo Colore \u00e8 uno stucco bicomponente per piastrelle, a base epossidica, privo di solventei. \u00c8 caratterizzato da elevata resistenza alla compressione, flessione e eccezionale forza adesiva. Epo Colore \u00e8 resistente verso alcuni<br \/>\nacidi, alcali, agenti corrosivi, detergenti, acqua di mare e acqua salata. Epo Colore ha grande lavorabilit\u00e0 per applicazioni in pavimenti e pareti. Pu\u00f2 essere facilmente pulito con acqua prima dell\u2019indurimento. \u00c8 adatto per<br \/>\nfughe con dimensioni 0 &#8211; 12 mm. Il prodotto \u00e8 classificato come stucco per piastrelle con la norma RG2 secondo la EN 13888, e come adesivo per piastrelle con la norma R2T secondo la EN 12004.<\/p>\n<p>###<\/p>\n<p><strong>Conservazione<\/strong><br \/>\n24 mesi dopo la data di produzione, se conservato nella sua confezione<br \/>\noriginale e chiusa, in ambienti protetti da umidit\u00e0 e l\u2019esposizione diretta al<br \/>\nsole. Temperatura d\u2019immagazzinamento deve essere tra +5\u00b0C e +35\u00b0C.<\/p>\n<p><strong>Consumo<\/strong>: 0.2- 1 kg\/m2<\/p>\n<p><strong>Imballaggio<\/strong>: Secchio 5 kg<\/p>\n","protected":false},"excerpt":{"rendered":"<p>Adesivo bicomponente epossidico, stucco per fughe e adesivo per pareti e pavimenti.<\/p>\n","protected":false},"featured_media":24470,"comment_status":"closed","ping_status":"closed","template":"","meta":{"_monsterinsights_skip_tracking":false,"_monsterinsights_sitenote_active":false,"_monsterinsights_sitenote_note":"","_monsterinsights_sitenote_category":0},"aioseo_notices":[],"_links":{"self":[{"href":"https:\/\/deutschcolor.com\/it\/wp-json\/wp\/v2\/product\/23829"}],"collection":[{"href":"https:\/\/deutschcolor.com\/it\/wp-json\/wp\/v2\/product"}],"about":[{"href":"https:\/\/deutschcolor.com\/it\/wp-json\/wp\/v2\/types\/product"}],"replies":[{"embeddable":true,"href":"https:\/\/deutschcolor.com\/it\/wp-json\/wp\/v2\/comments?post=23829"}],"wp:featuredmedia":[{"embeddable":true,"href":"https:\/\/deutschcolor.com\/it\/wp-json\/wp\/v2\/media\/24470"}],"wp:attachment":[{"href":"https:\/\/deutschcolor.com\/it\/wp-json\/wp\/v2\/media?parent=23829"}],"curies":[{"name":"wp","href":"https:\/\/api.w.org\/{rel}","templated":true}]}}