{"id":23857,"date":"2019-05-22T10:57:27","date_gmt":"2019-05-22T10:57:27","guid":{"rendered":"https:\/\/deutschcolor.com\/it\/?post_type=product&#038;p=23857"},"modified":"2019-07-11T13:17:45","modified_gmt":"2019-07-11T13:17:45","slug":"hydro-primer","status":"publish","type":"product","link":"https:\/\/deutschcolor.com\/it\/product\/hydro-primer\/","title":{"rendered":"HYDRO PRIMER"},"content":{"rendered":"<p><strong>Caratteristiche<\/strong><br \/>\nPrimer elastomerica, per superfici dove gli impermeabilizzanti verranno<br \/>\napplicati.Il polimero in dispersione acquosa viene applicato su superfici<br \/>\nporose, aumentando cos\u00ec in modo significativo l\u2019adesivit\u00e0 tra gli<br \/>\nimpermeabilizzanti a base di elastomeri e il supporto. Hydro Primer ha<br \/>\npropriet\u00e0 penetranti in tutti i pori della superficie dove l\u2019impermeabilizzante<br \/>\nsar\u00e0 applicato, cos\u00ec migliorando e intensificando la capacit\u00e0 adesiva tra<br \/>\nl\u2019impermeabilizzante e la superficie che sar\u00e0 idro- isolata.<\/p>\n<p><strong>Campi di applicazione<\/strong><br \/>\nHydro Primer \u00e8 un primer pronto all\u2019uso, che miglioraNotevolmente<br \/>\nl\u2019adesione dell\u2019impermeabilizzante su superfici fatto di calcestruzzo, malta,<br \/>\nintonaco e pannelli di gesso.<\/p>\n<p>###<\/p>\n<p><strong>Conservazione<\/strong><br \/>\n18 mesi dopo la data di produzione, se immagazzinato in nella sua<br \/>\nconfezione originale, in un luogo asciutto,a temperature tra +5\u00b0C a<br \/>\n+35\u00b0C. Si dovrebbe evitare di esporre il prodotto a basse temperature<br \/>\n(congelamento) e alle alte temperature.<\/p>\n<p><strong>Consumo<\/strong>: 0.2- 0.3 Kg\/m2<\/p>\n<p><strong>Imballaggio<\/strong>: Secchio 1 kg \/5 kg\/15 kg<\/p>\n","protected":false},"excerpt":{"rendered":"<p>Primer elastomerica, per superfici dove gli impermeabilizzanti verranno applicati.<\/p>\n","protected":false},"featured_media":24484,"comment_status":"closed","ping_status":"closed","template":"","meta":{"_monsterinsights_skip_tracking":false,"_monsterinsights_sitenote_active":false,"_monsterinsights_sitenote_note":"","_monsterinsights_sitenote_category":0},"aioseo_notices":[],"_links":{"self":[{"href":"https:\/\/deutschcolor.com\/it\/wp-json\/wp\/v2\/product\/23857"}],"collection":[{"href":"https:\/\/deutschcolor.com\/it\/wp-json\/wp\/v2\/product"}],"about":[{"href":"https:\/\/deutschcolor.com\/it\/wp-json\/wp\/v2\/types\/product"}],"replies":[{"embeddable":true,"href":"https:\/\/deutschcolor.com\/it\/wp-json\/wp\/v2\/comments?post=23857"}],"wp:featuredmedia":[{"embeddable":true,"href":"https:\/\/deutschcolor.com\/it\/wp-json\/wp\/v2\/media\/24484"}],"wp:attachment":[{"href":"https:\/\/deutschcolor.com\/it\/wp-json\/wp\/v2\/media?parent=23857"}],"curies":[{"name":"wp","href":"https:\/\/api.w.org\/{rel}","templated":true}]}}