{"id":23884,"date":"2019-05-22T11:38:17","date_gmt":"2019-05-22T11:38:17","guid":{"rendered":"https:\/\/deutschcolor.com\/it\/?post_type=product&#038;p=23884"},"modified":"2019-07-11T13:29:33","modified_gmt":"2019-07-11T13:29:33","slug":"rubbergum","status":"publish","type":"product","link":"https:\/\/deutschcolor.com\/it\/product\/rubbergum\/","title":{"rendered":"RUBBERGUM"},"content":{"rendered":"<p><strong>Caratteristiche<\/strong><br \/>\n\u2022 Il tappeto in gomma Rubbergum \u00e8 realizzato con gomma da masticare di alta qualit\u00e0 e poliuretano di alta qualit\u00e0<br \/>\n\u2022 L\u2019uso di gomma riciclata rende il prodotto ecologico<\/p>\n<p><strong>Campo di utilizzo<\/strong><br \/>\nStrato flessibile applicato in combinazione con i prodotti della gamma di<br \/>\ncampi sportivi per campi da tennis, basket e multiuso.<\/p>\n<p>###<\/p>\n<p><strong>Applicazione<\/strong><br \/>\nL\u2019adesione della carta da parati del Rubbergum \u00e8 realizzata con adesivo<br \/>\nPU S880 a base poliuretanica epossidica.<\/p>\n<p><strong>Imballaggio<\/strong><br \/>\nIl Rubbergum \u00e8 confezionato in palline con dimensioni di 1m x 10m<\/p>\n","protected":false},"excerpt":{"rendered":"<p>Tappetini in gomma flessibili realizzati con particelle di gomma sabbiata che, in combinazione con la gamma di prodotti, creano molti pavimenti sportivi utilizzabili<\/p>\n","protected":false},"featured_media":24500,"comment_status":"closed","ping_status":"closed","template":"","meta":{"_monsterinsights_skip_tracking":false,"_monsterinsights_sitenote_active":false,"_monsterinsights_sitenote_note":"","_monsterinsights_sitenote_category":0},"aioseo_notices":[],"_links":{"self":[{"href":"https:\/\/deutschcolor.com\/it\/wp-json\/wp\/v2\/product\/23884"}],"collection":[{"href":"https:\/\/deutschcolor.com\/it\/wp-json\/wp\/v2\/product"}],"about":[{"href":"https:\/\/deutschcolor.com\/it\/wp-json\/wp\/v2\/types\/product"}],"replies":[{"embeddable":true,"href":"https:\/\/deutschcolor.com\/it\/wp-json\/wp\/v2\/comments?post=23884"}],"wp:featuredmedia":[{"embeddable":true,"href":"https:\/\/deutschcolor.com\/it\/wp-json\/wp\/v2\/media\/24500"}],"wp:attachment":[{"href":"https:\/\/deutschcolor.com\/it\/wp-json\/wp\/v2\/media?parent=23884"}],"curies":[{"name":"wp","href":"https:\/\/api.w.org\/{rel}","templated":true}]}}