{"id":23955,"date":"2019-05-22T16:23:12","date_gmt":"2019-05-22T16:23:12","guid":{"rendered":"https:\/\/deutschcolor.com\/it\/?post_type=product&#038;p=23955"},"modified":"2019-07-11T14:29:13","modified_gmt":"2019-07-11T14:29:13","slug":"fluidcret-05","status":"publish","type":"product","link":"https:\/\/deutschcolor.com\/it\/product\/fluidcret-05\/","title":{"rendered":"FLUIDCRET 05"},"content":{"rendered":"<p><strong>Caratteristiche<\/strong><br \/>\nFluidcret 05 \u00e8 un additivo liquido che agisce come plastificante in<br \/>\ncalcestruzzo e agente impermeabilizzante e cosi, offrendo i seguenti<br \/>\nVantaggi:<br \/>\n\u2022 Aumenta significativamente l\u2019impermeabilit\u00e0 dall\u2019acqua in pressione positiva e negative, o assorbimento capillare.<br \/>\n\u2022 Migliora la lavorabilit\u00e0, senza la necessit\u00e0 di aumentare la quantit\u00e0 di acqua.<br \/>\n\u2022 Elimina l\u2019aria all\u2019interno della massa del calcestruzzo.<br \/>\n\u2022 Non contiene cloruri ed altri agenti corrosivi.<br \/>\n\u2022 \u00c8 compatibile con tutti i tipi di cemento Portland.<\/p>\n<p><strong>Campi di applicazione<\/strong><br \/>\nFluidcret 05 \u00e8un additivo necessario per la Preparazione del<br \/>\ncalcestruzzo con alta resistenza alla compressione, per calcestruzzo<br \/>\nesposto agli agenti atmosferici, e anch\u00e9 per calcestruzzo che verra<br \/>\nimmergioin acqua.<\/p>\n<p>###<\/p>\n<p><strong>Conservazione<\/strong><br \/>\n18 mesi dalla data di produzione, se il prodotto viene conservato nella<br \/>\nConfezione originale e non aperta, a temperature comprese tra +5\u00b0C e<br \/>\n+35\u00b0C, e protetto dall\u2019esposizione diretta al sole e al gelo.<\/p>\n<p><strong>Consumo<\/strong>: 0.2- 1 kg\/m2<\/p>\n<p><strong>Imballaggio<\/strong>: Contenitore di plastica 8kg.<\/p>\n","protected":false},"excerpt":{"rendered":"<p>Plastificante, Tipo A &#8211; additivo per l\u2019impermeabilizzazione nella Preparazione del calcestruzzo.<\/p>\n","protected":false},"featured_media":24537,"comment_status":"closed","ping_status":"closed","template":"","meta":{"_monsterinsights_skip_tracking":false,"_monsterinsights_sitenote_active":false,"_monsterinsights_sitenote_note":"","_monsterinsights_sitenote_category":0},"aioseo_notices":[],"_links":{"self":[{"href":"https:\/\/deutschcolor.com\/it\/wp-json\/wp\/v2\/product\/23955"}],"collection":[{"href":"https:\/\/deutschcolor.com\/it\/wp-json\/wp\/v2\/product"}],"about":[{"href":"https:\/\/deutschcolor.com\/it\/wp-json\/wp\/v2\/types\/product"}],"replies":[{"embeddable":true,"href":"https:\/\/deutschcolor.com\/it\/wp-json\/wp\/v2\/comments?post=23955"}],"wp:featuredmedia":[{"embeddable":true,"href":"https:\/\/deutschcolor.com\/it\/wp-json\/wp\/v2\/media\/24537"}],"wp:attachment":[{"href":"https:\/\/deutschcolor.com\/it\/wp-json\/wp\/v2\/media?parent=23955"}],"curies":[{"name":"wp","href":"https:\/\/api.w.org\/{rel}","templated":true}]}}