{"id":23960,"date":"2019-05-22T16:27:38","date_gmt":"2019-05-22T16:27:38","guid":{"rendered":"https:\/\/deutschcolor.com\/it\/?post_type=product&#038;p=23960"},"modified":"2019-07-12T09:00:41","modified_gmt":"2019-07-12T09:00:41","slug":"fluidcret-g","status":"publish","type":"product","link":"https:\/\/deutschcolor.com\/it\/product\/fluidcret-g\/","title":{"rendered":"FLUIDCRET G"},"content":{"rendered":"<p><strong>Caratteristiche<\/strong><br \/>\nFluidcret G \u00e8 un additivo liquido che ritarda l\u2019asciugatura del calcestruzzo, cos\u00ec proludando il tempo in cui il calcestruzzo ha plasticit\u00e0. Allo stesso tempo, riduce la quantit\u00e0 di acqua necessaria per la lavorabilit\u00e0, e migliora la lavorabilit\u00e0 tenendo stabile la quantit\u00e0 di acqua nell\u2019imdopoto.<br \/>\n\u2022 Oltre al tempo di asciugatura, fornisce un\u2019ottima idratazione del cemento, risultando cosi in un aumento significativo delle resistenze iniziali e finali del cemento.<br \/>\n\u2022 Rallenta la coagulazione del concreto, e previene la divisione degli aggregati.<br \/>\n\u2022 Impedisce, in modo significativo, le crepe che sono causate da contrazioni del cemento.<br \/>\n\u2022 Riduce l\u2019assorbimento di acqua nel calcestruzzo, a causa della riduzione di porosit\u00e0.<br \/>\n\u2022 Fluidcret G \u00e8 un supplemento essenziale nella Preparazione di cemento con alta qualit\u00e0.<br \/>\n\u2022 Migliora la fluidit\u00e0 di calcestruzzo, e rallenta l\u2019ascaiugatura.<br \/>\n\u2022 Facilita il trasporto di calcestruzzo preparato su lunghe distanze, soprattutto in alte temperature.<br \/>\n\u2022 Lo sviluppo dell\u2019indurimento non causa ritardi nella rimozione delle forme di legno.<br \/>\n\u2022 In accordo con la norma ELOT EN 934- 2: 2001, Tabella10.<br \/>\n\u2022 La riduzione della quantit\u00e0 di acqua nell\u2019imdopoto per la Preparazione di calcestruzzo con le Caratteristiche determinate, ottenuta mediante l\u2019aggiunta di Fluidcret G, permette la riduzione delle quantit\u00e0 di cemento nella stessa percentuale. Mantenendo costante il rapporto acqua \/ cemento, il calcestruzzo prodotto conserva la qualit\u00e0 desiderata.<\/p>\n<p>###<\/p>\n<p><strong>Conservazione<\/strong><br \/>\n12 mesi dalla data di produzione, se il prodotto viene conservato nella<br \/>\nConfezione originale e non aperta, a temperature comprese tra +5\u00b0C e<br \/>\n+35\u00b0C, e protetto dall\u2019esposizione diretta al sole e al gelo.<\/p>\n<p><strong>Osservazioni<\/strong><br \/>\n\u2022 Fluidcret G \u00e8 adatto a tutti i tipi di cemento Portland.<br \/>\n\u2022 Un sovraDosaggio pu\u00f2 causare asciugatura accelerata ma non influenza<br \/>\nalla resistenza finale del calcestruzzo.<br \/>\n\u2022 Se il materialeviene congelato, ruotare la temperatura a +5\u00b0C, e<br \/>\nmescolarlo finch\u00e9 si omogeneizza nuovamente.<\/p>\n<p><strong>Imballaggio<\/strong>: Contenitore di plastica 8kg.<\/p>\n","protected":false},"excerpt":{"rendered":"<p>Ritardante dell\u2019asciugatura di calcestruzzo &#8211; Riduttore della quantit\u00e0 di acqua, e plastificante.<\/p>\n","protected":false},"featured_media":24698,"comment_status":"closed","ping_status":"closed","template":"","meta":{"_monsterinsights_skip_tracking":false,"_monsterinsights_sitenote_active":false,"_monsterinsights_sitenote_note":"","_monsterinsights_sitenote_category":0},"aioseo_notices":[],"_links":{"self":[{"href":"https:\/\/deutschcolor.com\/it\/wp-json\/wp\/v2\/product\/23960"}],"collection":[{"href":"https:\/\/deutschcolor.com\/it\/wp-json\/wp\/v2\/product"}],"about":[{"href":"https:\/\/deutschcolor.com\/it\/wp-json\/wp\/v2\/types\/product"}],"replies":[{"embeddable":true,"href":"https:\/\/deutschcolor.com\/it\/wp-json\/wp\/v2\/comments?post=23960"}],"wp:featuredmedia":[{"embeddable":true,"href":"https:\/\/deutschcolor.com\/it\/wp-json\/wp\/v2\/media\/24698"}],"wp:attachment":[{"href":"https:\/\/deutschcolor.com\/it\/wp-json\/wp\/v2\/media?parent=23960"}],"curies":[{"name":"wp","href":"https:\/\/api.w.org\/{rel}","templated":true}]}}