{"id":23964,"date":"2019-05-22T16:30:38","date_gmt":"2019-05-22T16:30:38","guid":{"rendered":"https:\/\/deutschcolor.com\/it\/?post_type=product&#038;p=23964"},"modified":"2019-07-11T14:36:49","modified_gmt":"2019-07-11T14:36:49","slug":"isocret","status":"publish","type":"product","link":"https:\/\/deutschcolor.com\/it\/product\/isocret\/","title":{"rendered":"ISOCRET"},"content":{"rendered":"<p><strong>Caratteristiche<\/strong><br \/>\nIsocret \u00e8 un additivo liquido che d\u00e0 al calcestruzzo qualit\u00e0 impermeabile.<br \/>\nIl prodotto reagisce chimicamente con la calce,quale \u00e8 formata<br \/>\ndall\u2019idratazione del cemento e crea sali, che da un lato, bloccano i pori<br \/>\ncapillari ma dall\u2019altro lato,danno al calcestruzzopropriet\u00e0 idrofobe. Un<br \/>\nimportante qualit\u00e0 di Isocret \u00e8 cherispetto ad altri additivi della sua<br \/>\ncategoria, non provoca la riduzione delle resistenzi finali del calcestruzzo.<br \/>\n(Secondo la tabella 9 di norma ELOT EN 934 &#8211; 2 la riduzione della<br \/>\nresistenza a compressione \u00e8 consentito fino alla scala 15%).<\/p>\n<p>###<\/p>\n<p><strong>Conservazione<\/strong><br \/>\n18 mesi dopo la data di produzione, nella sua confezione originale e<br \/>\nchiusa, a temperature tra +5\u00b0C e +30\u00b0C. Il prodotto deve essere protetto<br \/>\ndalla radiazione diretta del sole e dal gelo.<\/p>\n<p><strong>Consumo<\/strong>: 0.2- 1 kg\/m2<\/p>\n<p><strong>Imballaggio<\/strong>: Contenitore di plastica 8kg.<\/p>\n","protected":false},"excerpt":{"rendered":"<p>Additivo impermeabile per calcestruzzo.<\/p>\n","protected":false},"featured_media":24540,"comment_status":"closed","ping_status":"closed","template":"","meta":{"_monsterinsights_skip_tracking":false,"_monsterinsights_sitenote_active":false,"_monsterinsights_sitenote_note":"","_monsterinsights_sitenote_category":0},"aioseo_notices":[],"_links":{"self":[{"href":"https:\/\/deutschcolor.com\/it\/wp-json\/wp\/v2\/product\/23964"}],"collection":[{"href":"https:\/\/deutschcolor.com\/it\/wp-json\/wp\/v2\/product"}],"about":[{"href":"https:\/\/deutschcolor.com\/it\/wp-json\/wp\/v2\/types\/product"}],"replies":[{"embeddable":true,"href":"https:\/\/deutschcolor.com\/it\/wp-json\/wp\/v2\/comments?post=23964"}],"wp:featuredmedia":[{"embeddable":true,"href":"https:\/\/deutschcolor.com\/it\/wp-json\/wp\/v2\/media\/24540"}],"wp:attachment":[{"href":"https:\/\/deutschcolor.com\/it\/wp-json\/wp\/v2\/media?parent=23964"}],"curies":[{"name":"wp","href":"https:\/\/api.w.org\/{rel}","templated":true}]}}