{"id":24280,"date":"2019-05-25T08:55:13","date_gmt":"2019-05-25T08:55:13","guid":{"rendered":"https:\/\/deutschcolor.com\/it\/?post_type=product&#038;p=24280"},"modified":"2019-07-11T16:49:58","modified_gmt":"2019-07-11T16:49:58","slug":"dc-cem-color-jaune","status":"publish","type":"product","link":"https:\/\/deutschcolor.com\/it\/product\/dc-cem-color-jaune\/","title":{"rendered":"DC Cem Color Jaune"},"content":{"rendered":"<p><strong>DC Cem Color Jaune<\/strong><\/p>\n<p>Colorant pour b\u00e9ton et finitions . Il est appropri\u00e9 pour colorer le mortier de brique ou pour b\u00e9tonnages color\u00e9s etc.<\/p>\n<p><strong>Unit\u00e9 de mesure<\/strong><\/p>\n<p>2 kg\/bidon<\/p>\n<p>###<\/p>\n<p><strong>PCS \/ palette<\/strong><\/p>\n<p>8 pcs\/bo\u00eete<\/p>\n<p><strong>Couleurs \/ Autres specifications<\/strong><\/p>\n<p>Jaune<\/p>\n","protected":false},"excerpt":{"rendered":"<p>Colorant pour b\u00e9ton et finitions . Il est appropri\u00e9 pour colorer le mortier de brique ou pour b\u00e9tonnages color\u00e9s etc.<\/p>\n","protected":false},"featured_media":24691,"comment_status":"closed","ping_status":"closed","template":"","meta":{"_monsterinsights_skip_tracking":false,"_monsterinsights_sitenote_active":false,"_monsterinsights_sitenote_note":"","_monsterinsights_sitenote_category":0},"aioseo_notices":[],"_links":{"self":[{"href":"https:\/\/deutschcolor.com\/it\/wp-json\/wp\/v2\/product\/24280"}],"collection":[{"href":"https:\/\/deutschcolor.com\/it\/wp-json\/wp\/v2\/product"}],"about":[{"href":"https:\/\/deutschcolor.com\/it\/wp-json\/wp\/v2\/types\/product"}],"replies":[{"embeddable":true,"href":"https:\/\/deutschcolor.com\/it\/wp-json\/wp\/v2\/comments?post=24280"}],"wp:featuredmedia":[{"embeddable":true,"href":"https:\/\/deutschcolor.com\/it\/wp-json\/wp\/v2\/media\/24691"}],"wp:attachment":[{"href":"https:\/\/deutschcolor.com\/it\/wp-json\/wp\/v2\/media?parent=24280"}],"curies":[{"name":"wp","href":"https:\/\/api.w.org\/{rel}","templated":true}]}}