{"id":24287,"date":"2019-05-25T08:56:41","date_gmt":"2019-05-25T08:56:41","guid":{"rendered":"https:\/\/deutschcolor.com\/it\/?post_type=product&#038;p=24287"},"modified":"2019-07-11T16:50:14","modified_gmt":"2019-07-11T16:50:14","slug":"dc-cem-color-rouge","status":"publish","type":"product","link":"https:\/\/deutschcolor.com\/it\/product\/dc-cem-color-rouge\/","title":{"rendered":"DC Cem Color Rouge"},"content":{"rendered":"<p><strong>DC Cem Color Rouge<\/strong><\/p>\n<p>Colorant pour b\u00e9ton et finitions . Il est appropri\u00e9 pour colorer le mortier de brique ou pour b\u00e9tonnages color\u00e9s etc.<\/p>\n<p><strong>Unit\u00e9 de mesure<\/strong><\/p>\n<p>2 kg\/bidon<\/p>\n<p>###<\/p>\n<p><strong>PCS \/ palette<\/strong><\/p>\n<p>8 pcs\/bo\u00eete<\/p>\n<p><strong>Couleurs \/ Autres specifications<\/strong><\/p>\n<p>Rouge<\/p>\n","protected":false},"excerpt":{"rendered":"<p>Colorant pour b\u00e9ton et finitions . Il est appropri\u00e9 pour colorer le mortier de brique ou pour b\u00e9tonnages color\u00e9s etc.<\/p>\n","protected":false},"featured_media":24692,"comment_status":"closed","ping_status":"closed","template":"","meta":{"_monsterinsights_skip_tracking":false,"_monsterinsights_sitenote_active":false,"_monsterinsights_sitenote_note":"","_monsterinsights_sitenote_category":0},"aioseo_notices":[],"_links":{"self":[{"href":"https:\/\/deutschcolor.com\/it\/wp-json\/wp\/v2\/product\/24287"}],"collection":[{"href":"https:\/\/deutschcolor.com\/it\/wp-json\/wp\/v2\/product"}],"about":[{"href":"https:\/\/deutschcolor.com\/it\/wp-json\/wp\/v2\/types\/product"}],"replies":[{"embeddable":true,"href":"https:\/\/deutschcolor.com\/it\/wp-json\/wp\/v2\/comments?post=24287"}],"wp:featuredmedia":[{"embeddable":true,"href":"https:\/\/deutschcolor.com\/it\/wp-json\/wp\/v2\/media\/24692"}],"wp:attachment":[{"href":"https:\/\/deutschcolor.com\/it\/wp-json\/wp\/v2\/media?parent=24287"}],"curies":[{"name":"wp","href":"https:\/\/api.w.org\/{rel}","templated":true}]}}