{"id":23856,"date":"2019-06-07T16:31:14","date_gmt":"2019-06-07T16:31:14","guid":{"rendered":"https:\/\/deutschcolor.com\/sr\/?post_type=product&#038;p=23856"},"modified":"2019-07-12T09:45:50","modified_gmt":"2019-07-12T09:45:50","slug":"epo-color","status":"publish","type":"product","link":"https:\/\/deutschcolor.com\/sr\/product\/epo-color\/","title":{"rendered":"EPO COLOR"},"content":{"rendered":"<p><strong>Karakteristike<\/strong><br \/>\nEpo Color je dvokomponentni lepak I fug masa za plo\u010dice, bez rastvara\u010da.<br \/>\nOdlikuje se visokim stepenom otpornosti na pritisak, savijanje i snagu<br \/>\nlepljenja. Otporan je na odre\u0111ene kiseline, alkalije, korozivne agense<br \/>\nbetona, sredstva za \u010di\u0161\u0107enje, morsku i slanu vodu. Karakteri\u0161e ga odli\u010dna<br \/>\nobradivost za nano\u0161enje na podovima i zidovima. Vrlo lako se \u010disti vodom<br \/>\npre zgu\u0161njavanja. Pogodan je za ispune dimenzija 0-12 mm. Klasifikovan<br \/>\nje kao fuga za plo\u010dice u normi RG2, prema standardu EN 13888, i kao<br \/>\nlepak za plo\u010dice u normi R2T, prema standardu EN 12004.<\/p>\n<p>###<\/p>\n<p><strong>Rok trajanja &#8211; Skladi\u0161tenje<\/strong><br \/>\n24 meseca od datuma proizvodnje ukoliko se \u010duva u originalnom pakovanju<br \/>\nneotvsatino, u prostorijama za\u0161ti\u0107enim od vlage i direktnog izlaganja<br \/>\nsuncu. Temperatura skladi\u0161tenja treba da bude izme\u0111u +5\u00b0C i +35\u00b0C.<\/p>\n<p><strong>Potro\u0161nja<\/strong><br \/>\nZa fugovanje spojeva od 0.2\u20133.0 kg\/m\u00b2, analogno sa debljinom plo\u010dica i<br \/>\n\u0161irinom fugi.<\/p>\n<p><strong>Rok trajanja &#8211; Skladi\u0161tenje<\/strong><br \/>\nNajmanje 24 meseca od datuma proizvodnje ukoliko se \u010duva na suvom, u<br \/>\nprostorijama za\u0161ti\u0107enim od vlage i direktnog izlaganja suncu.<\/p>\n","protected":false},"excerpt":{"rendered":"<p>Dvokomponentni, epoksidni lepak i fug masa za zidove i<br \/>\npodove.<\/p>\n","protected":false},"featured_media":24507,"template":"","meta":[],"_links":{"self":[{"href":"https:\/\/deutschcolor.com\/sr\/wp-json\/wp\/v2\/product\/23856"}],"collection":[{"href":"https:\/\/deutschcolor.com\/sr\/wp-json\/wp\/v2\/product"}],"about":[{"href":"https:\/\/deutschcolor.com\/sr\/wp-json\/wp\/v2\/types\/product"}],"wp:featuredmedia":[{"embeddable":true,"href":"https:\/\/deutschcolor.com\/sr\/wp-json\/wp\/v2\/media\/24507"}],"wp:attachment":[{"href":"https:\/\/deutschcolor.com\/sr\/wp-json\/wp\/v2\/media?parent=23856"}],"curies":[{"name":"wp","href":"https:\/\/api.w.org\/{rel}","templated":true}]}}