{"id":23924,"date":"2019-06-08T11:11:34","date_gmt":"2019-06-08T11:11:34","guid":{"rendered":"https:\/\/deutschcolor.com\/sr\/?post_type=product&#038;p=23924"},"modified":"2019-07-12T10:09:28","modified_gmt":"2019-07-12T10:09:28","slug":"mortel-b3","status":"publish","type":"product","link":"https:\/\/deutschcolor.com\/sr\/product\/mortel-b3\/","title":{"rendered":"M\u00d6RTEL B3"},"content":{"rendered":"<p><strong>Karakteristike<\/strong><br \/>\nM\u00f6rtel B3 je unapred pripremljeni proizvod na bazi cementa, oja\u010dan<br \/>\nmodifikovanim polimerima bez korozivnih sastojaka, pogodan za<br \/>\nunutra\u0161nju i spolja\u0161nju upotrebu ii ma slede\u0107a svojstva:<br \/>\n\u2013 Vrlo je ekonomi\u010dan.<br \/>\n\u2013 Dobro prijanja na podlogu na koju se nanosi.<br \/>\n\u2013 Vrlo otporan na vlagu.<br \/>\n\u2013 U saglasnosti sa standardom EN 998-1.<\/p>\n<p><strong>Podru\u010dje primene<\/strong><br \/>\nM\u00f6rtel B3 se koristi za reparacije radova u anti\u010dkom stilu, u zidarstvu i sl.<br \/>\nM\u00f6rtel B3 se nanosi u debljini do 2 cm za ve\u0107e povr\u0161ine i do 5 cm za sitne<br \/>\npopravke.<\/p>\n<p>###<\/p>\n<p><strong>1. Podloga<\/strong><br \/>\nPodloga na koju \u0107e se proizvod naneti treba da bude \u010dista, bez pra\u0161ine,<br \/>\nulja i drugih ne\u010disto\u0107a. Pre nano\u0161enja mase, povr\u0161inu pokvasiti vodom.<\/p>\n<p><strong>2. Nano\u0161enje<\/strong><br \/>\nM\u00f6rtel B3 se dodaje u vodu uz neprestano me\u0161anje, sve dok se ne postigne<br \/>\nhomogena struktura me\u0161avine. Materijal se nanosi ru\u010dno ako slu\u017ei kao<br \/>\nmalter a pumpom ili gletericom ako se koristi u svrhu zavr\u0161ne obrade.<br \/>\n<strong>Potro\u0161nja<\/strong><br \/>\nPribli\u017eno 15 kg\/m\u00b2 za cm debljine.<br \/>\n<strong>Pakovanje<\/strong><br \/>\nM\u00f6rtel B3 se pakuje u d\u017eakove te\u017eine 25 kg.<br \/>\n<strong>Rok trajanja &#8211; Skladi\u0161tenje<\/strong><br \/>\n12 meseci od datuma proizvodnje ako se proizvod \u010duva u neotvoren,<br \/>\noriginalnom pakovanju, u prostorijama za\u0161ti\u0107enim od vlage i mraza.<\/p>\n","protected":false},"excerpt":{"rendered":"<p>Malter na bazi cemeta sa specijalnim aditivima, koristi<br \/>\nse za postizanje efekta anti\u010dkog izgleda. Slu\u017ei za<br \/>\nmalterisanje i zavr\u0161nu obradu.<\/p>\n","protected":false},"featured_media":24542,"template":"","meta":[],"_links":{"self":[{"href":"https:\/\/deutschcolor.com\/sr\/wp-json\/wp\/v2\/product\/23924"}],"collection":[{"href":"https:\/\/deutschcolor.com\/sr\/wp-json\/wp\/v2\/product"}],"about":[{"href":"https:\/\/deutschcolor.com\/sr\/wp-json\/wp\/v2\/types\/product"}],"wp:featuredmedia":[{"embeddable":true,"href":"https:\/\/deutschcolor.com\/sr\/wp-json\/wp\/v2\/media\/24542"}],"wp:attachment":[{"href":"https:\/\/deutschcolor.com\/sr\/wp-json\/wp\/v2\/media?parent=23924"}],"curies":[{"name":"wp","href":"https:\/\/api.w.org\/{rel}","templated":true}]}}