{"id":23932,"date":"2019-06-08T11:20:32","date_gmt":"2019-06-08T11:20:32","guid":{"rendered":"https:\/\/deutschcolor.com\/sr\/?post_type=product&#038;p=23932"},"modified":"2019-07-12T10:10:21","modified_gmt":"2019-07-12T10:10:21","slug":"mortel-m15","status":"publish","type":"product","link":"https:\/\/deutschcolor.com\/sr\/product\/mortel-m15\/","title":{"rendered":"M\u00d6RTEL M15"},"content":{"rendered":"<p><strong>Karakteristike<\/strong><br \/>\nMaterijal u obliku praha, sastavljen od cementa, kre\u010da, kamenog peska<br \/>\nodabrane granulometrije, sinteti\u010dke smole i specijalnih aditiva.<br \/>\n\u2013 Karakteri\u0161e ga odli\u010dna obradivost.<br \/>\n\u2013 Visoka mehani\u010dka otpornost.<br \/>\n\u2013 Bez vertikalnog klizanja.<br \/>\n\u2013 Sposobnost lepljenja na zidove i plafone.<\/p>\n<p><strong>Podru\u010dje primene<\/strong><br \/>\nKoristi se kao primarni malter za malterisanje svih vrsta podloga poput<br \/>\nzidova od cigli ili blokova i sl. Proizvod se nanosi ma\u0161inskim putem ili<br \/>\nru\u010dno. Tokom nano\u0161enja, temperatura podloge i vazduha treba da bude<br \/>\nizme\u0111u +5\u00b0C up to +35\u00b0C.<\/p>\n<p>###<\/p>\n<p><strong>Oja\u010davanje Latex-om<\/strong><br \/>\nKako bi se pobolj\u0161ala svojstva lepljivosti, otpornost na vodu, savitljivost,<br \/>\nfleksibilnost, mehani\u010dka snaga i ostalo, malter se mo\u017ee oja\u010dati Latex<br \/>\naditivom. Odnos me\u0161anja sa vodom je 1:5 (pogledati Tehni\u010dki list Latex-a)<br \/>\n<strong>Potro\u0161nja<\/strong><br \/>\n1.5 kg\/m\u00b2 \/mm spessati<br \/>\n<strong>Pakovanje<\/strong><br \/>\nD\u017eak 25 kg<\/p>\n<p><strong>Rok trajanja &#8211; Skladi\u0161tenje<\/strong><br \/>\n12 meseci od datuma proizvodnje ako se proizvod \u010duva u neotvoren,<br \/>\noriginalnom pakovanju, u prostorijama za\u0161ti\u0107enim od vlage i mraza.<\/p>\n","protected":false},"excerpt":{"rendered":"<p>Osnovna ispuna za zidove od cigle i blokova za unutra\u0161nje<br \/>\ni spolja\u0161nje prostorije.<\/p>\n","protected":false},"featured_media":24546,"template":"","meta":[],"_links":{"self":[{"href":"https:\/\/deutschcolor.com\/sr\/wp-json\/wp\/v2\/product\/23932"}],"collection":[{"href":"https:\/\/deutschcolor.com\/sr\/wp-json\/wp\/v2\/product"}],"about":[{"href":"https:\/\/deutschcolor.com\/sr\/wp-json\/wp\/v2\/types\/product"}],"wp:featuredmedia":[{"embeddable":true,"href":"https:\/\/deutschcolor.com\/sr\/wp-json\/wp\/v2\/media\/24546"}],"wp:attachment":[{"href":"https:\/\/deutschcolor.com\/sr\/wp-json\/wp\/v2\/media?parent=23932"}],"curies":[{"name":"wp","href":"https:\/\/api.w.org\/{rel}","templated":true}]}}