{"id":23934,"date":"2019-06-08T11:23:42","date_gmt":"2019-06-08T11:23:42","guid":{"rendered":"https:\/\/deutschcolor.com\/sr\/?post_type=product&#038;p=23934"},"modified":"2019-07-12T10:10:42","modified_gmt":"2019-07-12T10:10:42","slug":"gp-repair","status":"publish","type":"product","link":"https:\/\/deutschcolor.com\/sr\/product\/gp-repair\/","title":{"rendered":"GP REPAIR"},"content":{"rendered":"<p><strong>Karakteristike<\/strong><br \/>\nGP Repair je unapred pripremljen proizvod na cementnoj bazi, oja\u010dan<br \/>\nmodifikovanim polimerima, bez korozivnih sastojaka, pogodan za<br \/>\nnano\u0161enje u spolja\u0161njim i unutra\u0161njim prostorijama, koji ima slede\u0107e.<br \/>\n&#8211; Ekonomi\u010dan je.<br \/>\n&#8211; Dobro prijanja na podlogu na koju se nanese.<br \/>\n&#8211; Vrlo je otporan na vlagu.<br \/>\n&#8211; Ima dobru obradivost.<br \/>\nGP Repair je klasifikovan kao tip maltera PCC R2, a slu\u017ei za popravljanje<br \/>\nbetona, prema standardu EN 1504-3.<\/p>\n<p><strong>Pordu\u010dje primene<\/strong><br \/>\nGP Repair se koristi za reparaciju i ispunu o\u0161te\u0107enih betonskih materijala<br \/>\ni sl. GP Repair se nanosi do 2 cm debljine kod ve\u0107ih povr\u0161ina i do 5 cm za<br \/>\nsitne popravke.<\/p>\n<p>###<\/p>\n<p><strong>Pakovanje<\/strong><br \/>\nGP Repair se pakuje u d\u017eakove te\u017eine 25 kg.<\/p>\n<p><strong>Rok trajanja &#8211; Skladi\u0161tenje<\/strong><br \/>\n12 meseci od datuma proizvodnje ako se proizvod \u010duva neotvoren, u<br \/>\noriginalnom pakovanju, na mestima za\u0161ti\u0107enim od vlage i mraza.<\/p>\n<p><strong>Napomena<\/strong><br \/>\n\u2013 Temperatura tokom nano\u0161enja mora biti najmanje +5\u00b0C.<br \/>\n\u2013 Kada je toplo vreme, GP Repair se mora pokvasiti nakon nano\u0161enja<br \/>\nkako bi se za\u0161titio od gubitka vode.<br \/>\n\u2013 GP Repair sadr\u017ei cement i reaguje kao alkalija sa vodom pa je stoga<br \/>\nklasifikovan kao iritant.<br \/>\n\u2013 Rizik od upotrebe i saveti za pitanja bezbednosti se nalaze na vre\u0107i i<br \/>\ntreba ih prou\u010diti.<\/p>\n","protected":false},"excerpt":{"rendered":"<p>Malter na bazi cementa, slu\u017ei za reparacije, oja\u010dan modifikovanim<br \/>\npolimerima.<\/p>\n","protected":false},"featured_media":24547,"template":"","meta":[],"_links":{"self":[{"href":"https:\/\/deutschcolor.com\/sr\/wp-json\/wp\/v2\/product\/23934"}],"collection":[{"href":"https:\/\/deutschcolor.com\/sr\/wp-json\/wp\/v2\/product"}],"about":[{"href":"https:\/\/deutschcolor.com\/sr\/wp-json\/wp\/v2\/types\/product"}],"wp:featuredmedia":[{"embeddable":true,"href":"https:\/\/deutschcolor.com\/sr\/wp-json\/wp\/v2\/media\/24547"}],"wp:attachment":[{"href":"https:\/\/deutschcolor.com\/sr\/wp-json\/wp\/v2\/media?parent=23934"}],"curies":[{"name":"wp","href":"https:\/\/api.w.org\/{rel}","templated":true}]}}