{"id":23936,"date":"2019-06-08T11:25:22","date_gmt":"2019-06-08T11:25:22","guid":{"rendered":"https:\/\/deutschcolor.com\/sr\/?post_type=product&#038;p=23936"},"modified":"2019-07-12T10:10:54","modified_gmt":"2019-07-12T10:10:54","slug":"gp-repair-fast","status":"publish","type":"product","link":"https:\/\/deutschcolor.com\/sr\/product\/gp-repair-fast\/","title":{"rendered":"GP REPAIR FAST"},"content":{"rendered":"<p><strong>Karakteristike<\/strong><br \/>\nMaterijal u obliku praha na cementnoj bazi posebno namenjen za<br \/>\nreparacije, brzo se u\u010dvr\u0161\u0107uje i vrlo je otporan. Idealan je za radove<br \/>\nkoje je potrebno brzo zavr\u0161iti. Ne sadr\u017ei hloride niti korozivne sastojke.<br \/>\nJednostavnim dodavanjem vode, dobija se me\u0161avina obradiva u narednih<br \/>\n7 minuta, dok sam proces u\u010dvr\u0161\u0107ivanja zapo\u010dinje nakon 15 minuta.<br \/>\nOtpornost koju razvije u narednih sat vremena jednaka je otpornosti koju<br \/>\nobi\u010dni malteri posti\u017eu tek za 24 sata. Vrlo je otporan na mraz, vlagu i<br \/>\nkoroziju prouzrokovanu hemijskim supstancama poput azotnih i sumpornih<br \/>\nsoli, i hlorida. Dobro prijanja na podlogu, ima odli\u010dnu obradivost, ni malo<br \/>\nse ne skuplja i ne puca.<\/p>\n<p>###<\/p>\n<p><strong>Potro\u0161nja<\/strong><br \/>\n1.5 kg\/m\u00b2 \/mm spessati<\/p>\n<p><strong>Pakovanje<\/strong><br \/>\nD\u017eak 25 kg.<\/p>\n<p><strong>Rok trajanja &#8211; Skladi\u0161tenje<\/strong><br \/>\n12 meseci od datuma proizvodnje ako se proizvod \u010duva u neotvoren,<br \/>\noriginalnom pakovanju, u prostorijama za\u0161ti\u0107enim od vlage i mraza.<\/p>\n","protected":false},"excerpt":{"rendered":"<p>Materijal u obliku praha na cementnoj bazi posebno<br \/>\nnamenjen za reparacije, brzo se u\u010dvr\u0161\u0107uje i vrlo je otporan.<\/p>\n","protected":false},"featured_media":24548,"template":"","meta":[],"_links":{"self":[{"href":"https:\/\/deutschcolor.com\/sr\/wp-json\/wp\/v2\/product\/23936"}],"collection":[{"href":"https:\/\/deutschcolor.com\/sr\/wp-json\/wp\/v2\/product"}],"about":[{"href":"https:\/\/deutschcolor.com\/sr\/wp-json\/wp\/v2\/types\/product"}],"wp:featuredmedia":[{"embeddable":true,"href":"https:\/\/deutschcolor.com\/sr\/wp-json\/wp\/v2\/media\/24548"}],"wp:attachment":[{"href":"https:\/\/deutschcolor.com\/sr\/wp-json\/wp\/v2\/media?parent=23936"}],"curies":[{"name":"wp","href":"https:\/\/api.w.org\/{rel}","templated":true}]}}