{"id":23938,"date":"2019-06-08T11:26:48","date_gmt":"2019-06-08T11:26:48","guid":{"rendered":"https:\/\/deutschcolor.com\/sr\/?post_type=product&#038;p=23938"},"modified":"2019-07-12T10:11:17","modified_gmt":"2019-07-12T10:11:17","slug":"betogrout-a11","status":"publish","type":"product","link":"https:\/\/deutschcolor.com\/sr\/product\/betogrout-a11\/","title":{"rendered":"BETOGROUT A11"},"content":{"rendered":"<p><strong>Karakteristike<\/strong><br \/>\nCementni prah za reparacije visoke mehani\u010dke otpornosti, ne skuplja se,<br \/>\nza unutra\u0161nju i spoljnu upotrebu. Vrlo je obradiv, dobro prijanja, otporan na<br \/>\nmraz, udarce i vla\u017enost. Zahvaljuju\u0107i svojoj hidrauli\u010dnoj vezi, specijalnim<br \/>\npolimerima, odabranim inertima i sinteti\u010dkim vlaknima koje sadr\u017ei, ne puca.<\/p>\n<p><strong>Podru\u010dje primene<\/strong><br \/>\nBetogrout A11 je pogodan za brzu reparaciju betonskih elemenata, za<br \/>\nfiksiranje, ankerisanje, zaptivanje rupa, pravljenje slivnika i uop\u0161te uzev,<br \/>\nza ona mesta gde je neophodna velika otpornost i brz rad.<\/p>\n<p>###<\/p>\n<p><strong>Pakovanje<\/strong><br \/>\nPakuje se u papirne d\u017eakove te\u017eine 25 kg.<\/p>\n<p><strong>Potro\u0161nja<\/strong><br \/>\nOko 18 kg\/m\u00b2\/cm debljine sloja.<\/p>\n<p><strong>Rok trajanja &#8211; Skladi\u0161tenje<\/strong><br \/>\n12 meseci od datuma proizvodnje ako se proizvod \u010duva u neotvoren,<br \/>\noriginalnom pakovanju, u prostorijama za\u0161ti\u0107enim od vlage i mraza.<\/p>\n","protected":false},"excerpt":{"rendered":"<p>Cementni malter, brzo se su\u0161i, slu\u017ei za reparaciju betonskih<br \/>\nstruktura i ankerisanje.<\/p>\n","protected":false},"featured_media":24551,"template":"","meta":[],"_links":{"self":[{"href":"https:\/\/deutschcolor.com\/sr\/wp-json\/wp\/v2\/product\/23938"}],"collection":[{"href":"https:\/\/deutschcolor.com\/sr\/wp-json\/wp\/v2\/product"}],"about":[{"href":"https:\/\/deutschcolor.com\/sr\/wp-json\/wp\/v2\/types\/product"}],"wp:featuredmedia":[{"embeddable":true,"href":"https:\/\/deutschcolor.com\/sr\/wp-json\/wp\/v2\/media\/24551"}],"wp:attachment":[{"href":"https:\/\/deutschcolor.com\/sr\/wp-json\/wp\/v2\/media?parent=23938"}],"curies":[{"name":"wp","href":"https:\/\/api.w.org\/{rel}","templated":true}]}}