{"id":23942,"date":"2019-06-08T11:33:04","date_gmt":"2019-06-08T11:33:04","guid":{"rendered":"https:\/\/deutschcolor.com\/sr\/?post_type=product&#038;p=23942"},"modified":"2019-07-12T10:11:32","modified_gmt":"2019-07-12T10:11:32","slug":"betogrout-c57","status":"publish","type":"product","link":"https:\/\/deutschcolor.com\/sr\/product\/betogrout-c57\/","title":{"rendered":"BETOGROUT C57"},"content":{"rendered":"<p><strong>Karakteristike<\/strong><br \/>\nCementni prah za reparacije visoke mehani\u010dke otpornosti, ne skuplja se,<br \/>\nza unutra\u0161nju i spolja\u0161nju upotrebu. Vrlo je obradiv, dobro prijanja, otporan<br \/>\nna mraz, udarce i vla\u017enost. Zahvaljuju\u0107i svojoj hidrauli\u010dnoj vezi, specijalnim<br \/>\npolimerima, odabranim inertima i sinteti\u010dkim vlaknima koje sadr\u017ei, ne puca.<\/p>\n<p><strong>Podru\u010dje primene<\/strong><br \/>\nBetogrout C57 je pogodan za fiksiranje, ankerisanje, metalne strukture,<br \/>\nzaptivanje rupa i, uop\u0161te uzev, za ona mesta gde je neophodna velika<br \/>\notpornost i brz rad.<\/p>\n<p>###<\/p>\n<p><strong>Potro\u0161nja<\/strong><br \/>\n1.5 kg\/m\u00b2 \/mm spessati<\/p>\n<p><strong>Pakovanje<\/strong><br \/>\nD\u017eak 25 kg<\/p>\n<p><strong>Rok trajanja &#8211; Skladi\u0161tenje<\/strong><br \/>\n12 meseci od datuma proizvodnje ako se proizvod \u010duva u neotvoren,<br \/>\noriginalnom pakovanju, u prostorijama za\u0161ti\u0107enim od vlage i mraza.<\/p>\n","protected":false},"excerpt":{"rendered":"<p>Cementni malter, brzo se su\u0161i, slu\u017ei za ankerisanje<br \/>\nmetalnih struktura.<\/p>\n","protected":false},"featured_media":24549,"template":"","meta":[],"_links":{"self":[{"href":"https:\/\/deutschcolor.com\/sr\/wp-json\/wp\/v2\/product\/23942"}],"collection":[{"href":"https:\/\/deutschcolor.com\/sr\/wp-json\/wp\/v2\/product"}],"about":[{"href":"https:\/\/deutschcolor.com\/sr\/wp-json\/wp\/v2\/types\/product"}],"wp:featuredmedia":[{"embeddable":true,"href":"https:\/\/deutschcolor.com\/sr\/wp-json\/wp\/v2\/media\/24549"}],"wp:attachment":[{"href":"https:\/\/deutschcolor.com\/sr\/wp-json\/wp\/v2\/media?parent=23942"}],"curies":[{"name":"wp","href":"https:\/\/api.w.org\/{rel}","templated":true}]}}