{"id":23945,"date":"2019-06-08T11:34:51","date_gmt":"2019-06-08T11:34:51","guid":{"rendered":"https:\/\/deutschcolor.com\/sr\/?post_type=product&#038;p=23945"},"modified":"2019-07-12T10:13:18","modified_gmt":"2019-07-12T10:13:18","slug":"epodur-m1","status":"publish","type":"product","link":"https:\/\/deutschcolor.com\/sr\/product\/epodur-m1\/","title":{"rendered":"EPODUR M1"},"content":{"rendered":"<p><strong>Karakteristike<\/strong><br \/>\nDvokomponentna epoksidna smola za ubrizgavanje, bez rastvara\u010da, tanka<br \/>\nte\u010dnost, ne skuplja se. Njegova fluidnost omogu\u0107ava regulaciju malih<br \/>\npukotina. Omogu\u0107ava visoko prijanjanje u oja\u010danom betonu i \u010deliku. Ima<br \/>\nvisoku otpornost na pritisak, savijanje i kiseline. Na njega ne uti\u010du alkalije,<br \/>\nmraz i vla\u017enost.<\/p>\n<p>###<\/p>\n<p><strong>Potro\u0161nja<\/strong><br \/>\nZaptiva pukotine 1.1 kg\/l prazne zapremine.<\/p>\n<p><strong>Skladi\u0161tenje<\/strong><br \/>\nAko se \u010duva u dobro zatvorenom pakovanju, na suvim mestima i na<br \/>\ntemperaturi vi\u0161oj od +10\u00b0C, najmanje 12 meseci od datuma proizvodnje.<\/p>\n","protected":false},"excerpt":{"rendered":"<p>Dvokomponentna epoksidna smola za ubrizgavanje, bez<br \/>\nrastvara\u010da, tanka te\u010dnost, ne skuplja se.<\/p>\n","protected":false},"featured_media":24553,"template":"","meta":[],"_links":{"self":[{"href":"https:\/\/deutschcolor.com\/sr\/wp-json\/wp\/v2\/product\/23945"}],"collection":[{"href":"https:\/\/deutschcolor.com\/sr\/wp-json\/wp\/v2\/product"}],"about":[{"href":"https:\/\/deutschcolor.com\/sr\/wp-json\/wp\/v2\/types\/product"}],"wp:featuredmedia":[{"embeddable":true,"href":"https:\/\/deutschcolor.com\/sr\/wp-json\/wp\/v2\/media\/24553"}],"wp:attachment":[{"href":"https:\/\/deutschcolor.com\/sr\/wp-json\/wp\/v2\/media?parent=23945"}],"curies":[{"name":"wp","href":"https:\/\/api.w.org\/{rel}","templated":true}]}}