{"id":23952,"date":"2019-06-08T11:39:52","date_gmt":"2019-06-08T11:39:52","guid":{"rendered":"https:\/\/deutschcolor.com\/sr\/?post_type=product&#038;p=23952"},"modified":"2019-07-12T10:16:54","modified_gmt":"2019-07-12T10:16:54","slug":"epo-anchor","status":"publish","type":"product","link":"https:\/\/deutschcolor.com\/sr\/product\/epo-anchor\/","title":{"rendered":"EPO ANCHOR"},"content":{"rendered":"<p><strong>Karakteristike<\/strong><br \/>\nEpo Anchor je dvokomponentni lepak za plo\u010dice, bez rastvara\u010da. Odlikuje<br \/>\nse visokom otporno\u0161\u0107u na pritisak, savijanje i snagu lepljenja. Epo Anchor<br \/>\nje otporan na neke kiseline, baze, korozivne agense betona, sredstva za<br \/>\n\u010di\u0161\u0107enje, morsku i slanu vodu. Karakteri\u0161e ga odli\u010dna obradivost a radni<br \/>\nalat se lako \u010disti vodom pre nego \u0161to se proizvod zgusne.<\/p>\n<p>###<\/p>\n<p><strong>Potro\u0161nja<\/strong><br \/>\nKada se koristi kao lepak za plo\u010dice: pribli\u017eno 0.8 &#8211; 1 kg\/m<\/p>\n<p><strong>Pakovanje<\/strong><br \/>\nEpo Anchor je dostupan u pakovanju od 15 kg, u proporciji sa unapred<br \/>\nodre\u0111enim promerom te\u017eina.<\/p>\n<p><strong>Rok trajanja &#8211; Skladi\u0161tenje<\/strong><br \/>\n24 meseca od datuma proizvodnje ukoliko se \u010duva u originalnom pakovanju<br \/>\nneotvoreno, u prostorijama za\u0161ti\u0107enim od vlage i direktnog izlaganja suncu.<br \/>\nTemperatura skladi\u0161tenja treba da bude izme\u0111u +5\u00b0C i +35\u00b0C.<\/p>\n","protected":false},"excerpt":{"rendered":"<p>Univerzalni lepak na bazi epoksida.<\/p>\n","protected":false},"featured_media":24558,"template":"","meta":[],"_links":{"self":[{"href":"https:\/\/deutschcolor.com\/sr\/wp-json\/wp\/v2\/product\/23952"}],"collection":[{"href":"https:\/\/deutschcolor.com\/sr\/wp-json\/wp\/v2\/product"}],"about":[{"href":"https:\/\/deutschcolor.com\/sr\/wp-json\/wp\/v2\/types\/product"}],"wp:featuredmedia":[{"embeddable":true,"href":"https:\/\/deutschcolor.com\/sr\/wp-json\/wp\/v2\/media\/24558"}],"wp:attachment":[{"href":"https:\/\/deutschcolor.com\/sr\/wp-json\/wp\/v2\/media?parent=23952"}],"curies":[{"name":"wp","href":"https:\/\/api.w.org\/{rel}","templated":true}]}}