{"id":23954,"date":"2019-06-08T11:41:27","date_gmt":"2019-06-08T11:41:27","guid":{"rendered":"https:\/\/deutschcolor.com\/sr\/?post_type=product&#038;p=23954"},"modified":"2019-07-12T10:17:12","modified_gmt":"2019-07-12T10:17:12","slug":"dcw-200","status":"publish","type":"product","link":"https:\/\/deutschcolor.com\/sr\/product\/dcw-200\/","title":{"rendered":"DCW 200"},"content":{"rendered":"<p><strong>Karakteristike<\/strong><br \/>\n&#8211; Karbonske tkanine \u2013 trake, koje imaju vlakna samo u jednom pravcu.<br \/>\n&#8211; U kombinaciji sa epoksidnom smolom DCS 2K 200, formira kompozitni materijal.<br \/>\n&#8211; Oja\u010dava spolja\u0161nje strukturne elemente i omogu\u0107ava paropropusnost.<br \/>\n&#8211; Visoko-elasti\u010dna otpornost i izolacija.<\/p>\n<p>###<\/p>\n<p><strong>Pakovanje<\/strong><\/p>\n<p>DCW 200 je karbonatna tkanina dostupna u pakovanju du\u017eine 50 m i \u0161irine<br \/>\n60 cm.<\/p>\n","protected":false},"excerpt":{"rendered":"<p>Karbonska vlakna za strukturno ja\u010danje zgrada u<br \/>\nseizmi\u010dkim podru\u010djima.<\/p>\n","protected":false},"featured_media":24559,"template":"","meta":[],"_links":{"self":[{"href":"https:\/\/deutschcolor.com\/sr\/wp-json\/wp\/v2\/product\/23954"}],"collection":[{"href":"https:\/\/deutschcolor.com\/sr\/wp-json\/wp\/v2\/product"}],"about":[{"href":"https:\/\/deutschcolor.com\/sr\/wp-json\/wp\/v2\/types\/product"}],"wp:featuredmedia":[{"embeddable":true,"href":"https:\/\/deutschcolor.com\/sr\/wp-json\/wp\/v2\/media\/24559"}],"wp:attachment":[{"href":"https:\/\/deutschcolor.com\/sr\/wp-json\/wp\/v2\/media?parent=23954"}],"curies":[{"name":"wp","href":"https:\/\/api.w.org\/{rel}","templated":true}]}}