{"id":23956,"date":"2019-06-08T11:42:34","date_gmt":"2019-06-08T11:42:34","guid":{"rendered":"https:\/\/deutschcolor.com\/sr\/?post_type=product&#038;p=23956"},"modified":"2019-07-12T10:17:18","modified_gmt":"2019-07-12T10:17:18","slug":"dcs-c300","status":"publish","type":"product","link":"https:\/\/deutschcolor.com\/sr\/product\/dcs-c300\/","title":{"rendered":"DCS C300"},"content":{"rendered":"<p><strong>Karakteristike<\/strong><br \/>\n\u2013 Ugljena vlakna, \u010dvrsta u jednom smeru<br \/>\n\u2013 Kombinacija sa epoksidnom smolom DCS 2K 200 formira kompozitni materijal.<br \/>\n\u2013 Oja\u010dava spolja\u0161nje strukturalne elemente i omogu\u0107ava paropropusnost.<br \/>\n\u2013 Visoko-elasti\u010dna otpornost i izolacija.<\/p>\n<p>###<\/p>\n<p><strong>Pakovanje<\/strong><\/p>\n<p>DCS C300 je karbonatni materijal, dostupan u pakovanju du\u017eine od 50 m<br \/>\ni \u0161irine 60 cm.<\/p>\n","protected":false},"excerpt":{"rendered":"<p>Materijal koji sadr\u017ei ugljena vlakna, slu\u017ei za strukturalno<br \/>\noja\u010danje betona.<\/p>\n","protected":false},"featured_media":24559,"template":"","meta":[],"_links":{"self":[{"href":"https:\/\/deutschcolor.com\/sr\/wp-json\/wp\/v2\/product\/23956"}],"collection":[{"href":"https:\/\/deutschcolor.com\/sr\/wp-json\/wp\/v2\/product"}],"about":[{"href":"https:\/\/deutschcolor.com\/sr\/wp-json\/wp\/v2\/types\/product"}],"wp:featuredmedia":[{"embeddable":true,"href":"https:\/\/deutschcolor.com\/sr\/wp-json\/wp\/v2\/media\/24559"}],"wp:attachment":[{"href":"https:\/\/deutschcolor.com\/sr\/wp-json\/wp\/v2\/media?parent=23956"}],"curies":[{"name":"wp","href":"https:\/\/api.w.org\/{rel}","templated":true}]}}