{"id":23957,"date":"2019-06-08T11:43:44","date_gmt":"2019-06-08T11:43:44","guid":{"rendered":"https:\/\/deutschcolor.com\/sr\/?post_type=product&#038;p=23957"},"modified":"2019-07-12T10:17:24","modified_gmt":"2019-07-12T10:17:24","slug":"dcs-c400","status":"publish","type":"product","link":"https:\/\/deutschcolor.com\/sr\/product\/dcs-c400\/","title":{"rendered":"DCS C400"},"content":{"rendered":"<p><strong>Karakteristike<\/strong><br \/>\n&#8211; Prefabrikovane plo\u010de koje se sastoje od 100% jednosmernih karbonskih<br \/>\nvlakana, prona\u0111enih u matrici epoksidne smole.<br \/>\n&#8211; U kombinaciji sa DCS 2K 200 formira kompozitni materijal.<br \/>\n&#8211; Oja\u010dava betonske strukturalne elemente.<br \/>\n&#8211; Dozvoljava paropropusnost.<br \/>\n&#8211; Obezbe\u0111uje visoku zateznu \u010dvrsto\u0107u i otpornost na savijanje.<\/p>\n<p>###<\/p>\n<p><strong>Pakovanje<\/strong><br \/>\nDCS C400 je karbonatna tkanina dostupna u pakovanju du\u017eine 50 m i \u0161irine 60 cm.<\/p>\n<p><strong>Rok trajanja &#8211; Skladi\u0161tenje<\/strong><br \/>\n12 meseci, ukoliko se \u010duva neotvoreno u originalnom pakovanju, na<br \/>\nmestima za\u0161ti\u0107enim od vla\u017enosti vazduha i direktnog izlaganja suncu.<br \/>\nTemperatura skladi\u0161tenja treba da bude izme\u0111u +5\u00b0C i +35\u00b0C.<\/p>\n","protected":false},"excerpt":{"rendered":"<p>Karbonske plo\u010de za strukturalno oja\u010davanje.<\/p>\n","protected":false},"featured_media":24559,"template":"","meta":[],"_links":{"self":[{"href":"https:\/\/deutschcolor.com\/sr\/wp-json\/wp\/v2\/product\/23957"}],"collection":[{"href":"https:\/\/deutschcolor.com\/sr\/wp-json\/wp\/v2\/product"}],"about":[{"href":"https:\/\/deutschcolor.com\/sr\/wp-json\/wp\/v2\/types\/product"}],"wp:featuredmedia":[{"embeddable":true,"href":"https:\/\/deutschcolor.com\/sr\/wp-json\/wp\/v2\/media\/24559"}],"wp:attachment":[{"href":"https:\/\/deutschcolor.com\/sr\/wp-json\/wp\/v2\/media?parent=23957"}],"curies":[{"name":"wp","href":"https:\/\/api.w.org\/{rel}","templated":true}]}}