{"id":23958,"date":"2019-06-08T11:45:49","date_gmt":"2019-06-08T11:45:49","guid":{"rendered":"https:\/\/deutschcolor.com\/sr\/?post_type=product&#038;p=23958"},"modified":"2019-07-12T10:17:50","modified_gmt":"2019-07-12T10:17:50","slug":"dcs-2k-level","status":"publish","type":"product","link":"https:\/\/deutschcolor.com\/sr\/product\/dcs-2k-level\/","title":{"rendered":"DCS 2K LEVEL"},"content":{"rendered":"<p><strong>Karakteristike<\/strong><br \/>\nDCS 2K Level je dvokomponentna epoksidna fuga, bez rastvara\u010da,<br \/>\nomogu\u0107ava jako prijanjanje na povr\u0161inu i pru\u017ea fizi\u010dko-mehani\u010dku<br \/>\notpornost. Otporan je na kiseline, alkalije, deterd\u017eenta, morsku vodu i<br \/>\ntemperaturne promene. Klasifikovan je kao strukturalna veza za maltere<br \/>\ni betone prema standardu EN 1504-4.<\/p>\n<p><strong>Podru\u010dje primene<\/strong><br \/>\nDCS 2K Level se koristi za restauracije pukotina u malteru i betonu, za<br \/>\nankerisanje kao i kod zatvaranja pukotina na proizvodima kao \u0161to su:<br \/>\nEpodur 0.1-1mm, Epodur 0.5-3 mm i Epodur. Spaja beton, gvo\u017e\u0111e, kamen<br \/>\ni drvo.<\/p>\n<p>###<\/p>\n<p><strong>Potro\u0161nja<\/strong><br \/>\ncca. 1.85 kg\/m\u00b2\/mm debljine.<\/p>\n<p><strong>Pakovanje<\/strong><br \/>\nDCS 2K Level se pakuje u kutije od 3 kg (komponenta A) i 1 kg (komponenta<br \/>\nB), s unapred pripremljenom razmerom za me\u0161anje.<\/p>\n<p><strong>Rok trajanja &#8211; Skladi\u0161tenje<\/strong><br \/>\n12 meseci, ukoliko se \u010duva neotvoreno u originalnom pakovanju, na<br \/>\nmestima za\u0161ti\u0107enim od vla\u017enosti vazduha i direktnog izlaganja suncu.<br \/>\nTemperatura skladi\u0161tenja treba da bude izme\u0111u +5\u00b0C i +35\u00b0C.<\/p>\n","protected":false},"excerpt":{"rendered":"<p>Dvokomponentna epoksidna fuga.<\/p>\n","protected":false},"featured_media":24560,"template":"","meta":[],"_links":{"self":[{"href":"https:\/\/deutschcolor.com\/sr\/wp-json\/wp\/v2\/product\/23958"}],"collection":[{"href":"https:\/\/deutschcolor.com\/sr\/wp-json\/wp\/v2\/product"}],"about":[{"href":"https:\/\/deutschcolor.com\/sr\/wp-json\/wp\/v2\/types\/product"}],"wp:featuredmedia":[{"embeddable":true,"href":"https:\/\/deutschcolor.com\/sr\/wp-json\/wp\/v2\/media\/24560"}],"wp:attachment":[{"href":"https:\/\/deutschcolor.com\/sr\/wp-json\/wp\/v2\/media?parent=23958"}],"curies":[{"name":"wp","href":"https:\/\/api.w.org\/{rel}","templated":true}]}}