{"id":23962,"date":"2019-06-08T11:48:59","date_gmt":"2019-06-08T11:48:59","guid":{"rendered":"https:\/\/deutschcolor.com\/sr\/?post_type=product&#038;p=23962"},"modified":"2019-07-12T10:18:26","modified_gmt":"2019-07-12T10:18:26","slug":"dcs-2k-200","status":"publish","type":"product","link":"https:\/\/deutschcolor.com\/sr\/product\/dcs-2k-200\/","title":{"rendered":"DCS 2K 200"},"content":{"rendered":"<p><strong>Karakteristike<\/strong><br \/>\nDCS 2K 200 je dvokomponentni epoksidni lepak u obliku paste.<br \/>\nNakon u\u010dvr\u0161\u0107ivanja, obezbe\u0111uje jako prijanjanje na podlogu, odli\u010dnu<br \/>\nsnagu i ve\u0107u otpornost na pritisak i savijanje. Proizvod je klasifikovan kao<br \/>\nstrukturalni agens za vezivanje za spolja\u0161nja betonska oja\u010danja, prema<br \/>\nstandardu EN 1504-4.<\/p>\n<p><strong>Podru\u010dje primene<\/strong><br \/>\nDCS 2K 200 se koristi za spajanje karbonskih vlakana, za strukturalna<br \/>\noja\u010danja gra\u0111evinskih elemenata u sistemima (F.R.P).<\/p>\n<p>###<\/p>\n<p><strong>Potro\u0161nja<\/strong><br \/>\n1.5 &#8211; 2.0 kg\/m\u00b2 za 1mm debljine.<\/p>\n<p><strong>Pakovanje<\/strong><br \/>\nDCS 2K 200 se pakuje u kante te\u017eine 5 kg.<\/p>\n<p><strong>Skladi\u0161tenje<\/strong><br \/>\n12 meseci od datuma proizvodnje, ako se \u010duva neotvoreno u originalnom<br \/>\npakovanju, za\u0161ti\u0107eno od direktnog izlaganja suncu i mrazu.<\/p>\n","protected":false},"excerpt":{"rendered":"<p>Dvokomponentni epoksidni lepak za tkanine i karbonska vlakna.<\/p>\n","protected":false},"featured_media":24562,"template":"","meta":[],"_links":{"self":[{"href":"https:\/\/deutschcolor.com\/sr\/wp-json\/wp\/v2\/product\/23962"}],"collection":[{"href":"https:\/\/deutschcolor.com\/sr\/wp-json\/wp\/v2\/product"}],"about":[{"href":"https:\/\/deutschcolor.com\/sr\/wp-json\/wp\/v2\/types\/product"}],"wp:featuredmedia":[{"embeddable":true,"href":"https:\/\/deutschcolor.com\/sr\/wp-json\/wp\/v2\/media\/24562"}],"wp:attachment":[{"href":"https:\/\/deutschcolor.com\/sr\/wp-json\/wp\/v2\/media?parent=23962"}],"curies":[{"name":"wp","href":"https:\/\/api.w.org\/{rel}","templated":true}]}}