{"id":23964,"date":"2019-06-08T11:51:48","date_gmt":"2019-06-08T11:51:48","guid":{"rendered":"https:\/\/deutschcolor.com\/sr\/?post_type=product&#038;p=23964"},"modified":"2019-07-12T10:18:43","modified_gmt":"2019-07-12T10:18:43","slug":"dcs-2k-300","status":"publish","type":"product","link":"https:\/\/deutschcolor.com\/sr\/product\/dcs-2k-300\/","title":{"rendered":"DCS 2K 300"},"content":{"rendered":"<p><strong>Karakteristike<\/strong><br \/>\nDCS 2K 300 je dvokomponentni epoksidni lepak u te\u010dnom obliku. Nakon<br \/>\nu\u010dvr\u0161\u0107ivanja, jako prijanja na podlogu, ima odli\u010dnu snagu i ve\u0107u otpornost<br \/>\nna pritisak i savijanje. Proizvod je klasifikovan kao strukturalni agens za<br \/>\nvezivanje za spolja\u0161nja betonska oja\u010danja, prema standardu EN 1504-4.<\/p>\n<p><strong>Podru\u010dje primene<\/strong><br \/>\nDCS 2K 300 se koristi za spajanje karbonskih vlakana, za strukturalna<br \/>\noja\u010danja gra\u0111evinskih elemenata u sistemima (F.R.P).<\/p>\n<p>###<\/p>\n<p><strong>Potro\u0161nja<\/strong><br \/>\n0.5 &#8211; 1.0 kg\/m\u00b2 za 1mm debljine.<\/p>\n<p><strong>Pakovanje<\/strong><br \/>\nDCS 2K 300 se pakuje u kante te\u017eine 5 kg.<\/p>\n<p><strong>Skladi\u0161tenje<\/strong><br \/>\n12 meseci od datuma proizvodnje, ako se \u010duva neotvoreno u originalnom<br \/>\npakovanju, za\u0161ti\u0107eno od direktnog izlaganja suncu i mrazu.<\/p>\n","protected":false},"excerpt":{"rendered":"<p>Dvokomponentni epoksidni lepak, u te\u010dnom stanju,<br \/>\nkoristi se za tkanine i karbonska vlakna.<\/p>\n","protected":false},"featured_media":24563,"template":"","meta":[],"_links":{"self":[{"href":"https:\/\/deutschcolor.com\/sr\/wp-json\/wp\/v2\/product\/23964"}],"collection":[{"href":"https:\/\/deutschcolor.com\/sr\/wp-json\/wp\/v2\/product"}],"about":[{"href":"https:\/\/deutschcolor.com\/sr\/wp-json\/wp\/v2\/types\/product"}],"wp:featuredmedia":[{"embeddable":true,"href":"https:\/\/deutschcolor.com\/sr\/wp-json\/wp\/v2\/media\/24563"}],"wp:attachment":[{"href":"https:\/\/deutschcolor.com\/sr\/wp-json\/wp\/v2\/media?parent=23964"}],"curies":[{"name":"wp","href":"https:\/\/api.w.org\/{rel}","templated":true}]}}