{"id":23968,"date":"2019-06-08T11:56:30","date_gmt":"2019-06-08T11:56:30","guid":{"rendered":"https:\/\/deutschcolor.com\/sr\/?post_type=product&#038;p=23968"},"modified":"2019-07-12T10:20:00","modified_gmt":"2019-07-12T10:20:00","slug":"acr-primer","status":"publish","type":"product","link":"https:\/\/deutschcolor.com\/sr\/product\/acr-primer\/","title":{"rendered":"ACR PRIMER"},"content":{"rendered":"<p><strong>Karakteristike<\/strong><br \/>\nACR Primer se mo\u017ee nanosi kao oja\u010diva\u010d i zaOluci legura gvo\u017e\u0111a,<br \/>\nod korozije i r\u0111e \u010delika, tako \u0161to slu\u017ei kao vezivni sloj izme\u0111u starog i<br \/>\nrepariranog betona.<\/p>\n<p><strong>Podru\u010dje primene<\/strong><br \/>\n&#8211; Koristi se kao za\u0161tita \u010delika u gra\u0111evinskim objektima tokom reparacije<br \/>\nbetonskih struktura koje su o\u0161te\u0107ene usled karbonizacije , zemljotresa i<br \/>\nsli\u010dnog.<br \/>\n&#8211; Koristi se za za\u0161titu \u010delika u objektima na kojima je te\u0161ko raditi u vla\u017enim<br \/>\nvremenskim uslovima.<\/p>\n<p>###<br \/>\n<strong>Prednosti<\/strong><br \/>\n\u2022 Visok stepen efikasnosti u borbi protiv korozije<br \/>\n\u2022 Dobra mehani\u010dka svojstva<br \/>\n\u2022 Lako se nanosi<br \/>\n\u2022 Omogu\u0107ava prirodan prodor vazduha u beton<br \/>\n\u2022 Ne sadr\u017ei isparljive materije<br \/>\n\u2022 Nije zapaljiv, prihvatljiv za \u017eivotnu sredinu i korisnika<\/p>\n<p><strong>Skladi\u0161tenje<\/strong><br \/>\n24 meseci od datuma proizvodnje, ako se \u010duva neotvoreno u originalnom<br \/>\npakovanju, za\u0161ti\u0107eno od direktnog izlaganja suncu i mrazu.<\/p>\n","protected":false},"excerpt":{"rendered":"<p>Prajmer za za\u0161titu gvo\u017e\u0111a od korozije, na cementnoj<br \/>\nbazi, oja\u010diva\u010d legure gvo\u017e\u0111a u gra\u0111evinskim objektima.<\/p>\n","protected":false},"featured_media":24565,"template":"","meta":[],"_links":{"self":[{"href":"https:\/\/deutschcolor.com\/sr\/wp-json\/wp\/v2\/product\/23968"}],"collection":[{"href":"https:\/\/deutschcolor.com\/sr\/wp-json\/wp\/v2\/product"}],"about":[{"href":"https:\/\/deutschcolor.com\/sr\/wp-json\/wp\/v2\/types\/product"}],"wp:featuredmedia":[{"embeddable":true,"href":"https:\/\/deutschcolor.com\/sr\/wp-json\/wp\/v2\/media\/24565"}],"wp:attachment":[{"href":"https:\/\/deutschcolor.com\/sr\/wp-json\/wp\/v2\/media?parent=23968"}],"curies":[{"name":"wp","href":"https:\/\/api.w.org\/{rel}","templated":true}]}}