{"id":23970,"date":"2019-06-08T11:57:58","date_gmt":"2019-06-08T11:57:58","guid":{"rendered":"https:\/\/deutschcolor.com\/sr\/?post_type=product&#038;p=23970"},"modified":"2019-07-12T10:20:19","modified_gmt":"2019-07-12T10:20:19","slug":"beton-contact","status":"publish","type":"product","link":"https:\/\/deutschcolor.com\/sr\/product\/beton-contact\/","title":{"rendered":"BETON CONTACT"},"content":{"rendered":"<p><strong>Karakteristike<\/strong><br \/>\n&#8211; Te\u010dni materijal na bazi akrilne smole, koristi se za obradu glatkih<br \/>\nbetonskih povr\u0161ina.<br \/>\n&#8211; Obezbe\u0111uje dobro vezivanje betona sa slojevima za popunjavanje kao<br \/>\n\u0161to su: malter, fug masa, masa za gletovanje, hidroizolacija i ostalo.<br \/>\n&#8211; Kori\u0161\u0107enjem ovog materijala elimini\u0161e potrebu za upotrebom cementa na<br \/>\nglatkim betonskim povr\u0161inama.<br \/>\n&#8211; Obezbe\u0111uje odli\u010dnu obradivost i zapa\u017eeno olak\u0161anje kod nano\u0161enja<br \/>\ndrugih slojeva.<br \/>\n&#8211; Proizvod je spreman za upotrebu.<br \/>\n&#8211; Ujedna\u010duje stepen apsorpcije na povr\u0161ini na koju se nanosi.<br \/>\n&#8211; Smanjuje vodopropusnost podloge.<br \/>\n&#8211; Neutrali\u0161e pH vrednost.<br \/>\n&#8211; Nema rastvara\u010da u svom sastavu.<\/p>\n<p>###<\/p>\n<p><strong>Na\u010din nano\u0161enja proizvoda<\/strong><br \/>\nProizvod se nanosi \u010detkom ili valjkom ravImerno se rasprostiru\u0107i preko<br \/>\ncele povr\u0161ine. Potrebno je sa\u010dekati 12 sati, u zavisnosti od temperature,<br \/>\nda se osu\u0161i, pre nano\u0161enja slede\u0107eg proizvoda na povr\u0161inu. Niske<br \/>\ntemperature i vla\u017enost vazduha zna\u010dajno pove\u0107avaju vreme su\u0161enja. Ne<br \/>\ntreba ga nanositi kada je temperatura podloge ni\u017ea od +5\u00b0C, i ne sme se<br \/>\nkvasiti naredna 24 sata od momenta nano\u0161enja.<\/p>\n<p><strong>Skladi\u0161tenje<\/strong><br \/>\n24 meseci od datuma proizvodnje, ako se \u010duva neotvoreno u originalnom<br \/>\npakovanju, za\u0161ti\u0107eno od direktnog izlaganja suncu i mrazu.<\/p>\n","protected":false},"excerpt":{"rendered":"<p>Vezivni sloj, koristi se za obradu glatkih povr\u0161ina betona,<br \/>\nza unutra\u0161nju i spolja\u0161nju upotrebu.<\/p>\n","protected":false},"featured_media":24566,"template":"","meta":[],"_links":{"self":[{"href":"https:\/\/deutschcolor.com\/sr\/wp-json\/wp\/v2\/product\/23970"}],"collection":[{"href":"https:\/\/deutschcolor.com\/sr\/wp-json\/wp\/v2\/product"}],"about":[{"href":"https:\/\/deutschcolor.com\/sr\/wp-json\/wp\/v2\/types\/product"}],"wp:featuredmedia":[{"embeddable":true,"href":"https:\/\/deutschcolor.com\/sr\/wp-json\/wp\/v2\/media\/24566"}],"wp:attachment":[{"href":"https:\/\/deutschcolor.com\/sr\/wp-json\/wp\/v2\/media?parent=23970"}],"curies":[{"name":"wp","href":"https:\/\/api.w.org\/{rel}","templated":true}]}}