{"id":23972,"date":"2019-06-08T11:59:19","date_gmt":"2019-06-08T11:59:19","guid":{"rendered":"https:\/\/deutschcolor.com\/sr\/?post_type=product&#038;p=23972"},"modified":"2019-07-12T10:20:38","modified_gmt":"2019-07-12T10:20:38","slug":"weiszement","status":"publish","type":"product","link":"https:\/\/deutschcolor.com\/sr\/product\/weiszement\/","title":{"rendered":"WEI\u00dfZEMENT"},"content":{"rendered":"<p><strong>Karakteristike<\/strong><br \/>\nWei\u00dfzement (beli cement) je cement visoke fizi\u010dke i mehani\u010dke otpornosti<br \/>\nkoji se koristi za proizvodnju betona, maltera, razli\u010dite zavr\u0161ne obrade, sa<br \/>\nili bez pigmenta. To je supstanca koja dobro reaguje na vodu zbog svoje<br \/>\nporoznosti i granulometrije ispod 90 mikrona.<\/p>\n<p>###<br \/>\n<strong>Pakovanje<\/strong><br \/>\n25kg d\u017eak<\/p>\n<p><strong>Skladi\u0161tenje<\/strong><br \/>\n12 meseci od datuma proizvodnje, ako se \u010duva neotvoreno u originalnom<br \/>\npakovanju, za\u0161ti\u0107eno od direktnog izlaganja suncu i mrazu.<\/p>\n","protected":false},"excerpt":{"rendered":"<p>Je beli cement visoke fizi\u010dke i mehani\u010dke otpornosti.<\/p>\n","protected":false},"featured_media":24567,"template":"","meta":[],"_links":{"self":[{"href":"https:\/\/deutschcolor.com\/sr\/wp-json\/wp\/v2\/product\/23972"}],"collection":[{"href":"https:\/\/deutschcolor.com\/sr\/wp-json\/wp\/v2\/product"}],"about":[{"href":"https:\/\/deutschcolor.com\/sr\/wp-json\/wp\/v2\/types\/product"}],"wp:featuredmedia":[{"embeddable":true,"href":"https:\/\/deutschcolor.com\/sr\/wp-json\/wp\/v2\/media\/24567"}],"wp:attachment":[{"href":"https:\/\/deutschcolor.com\/sr\/wp-json\/wp\/v2\/media?parent=23972"}],"curies":[{"name":"wp","href":"https:\/\/api.w.org\/{rel}","templated":true}]}}