{"id":24036,"date":"2019-06-08T14:03:58","date_gmt":"2019-06-08T14:03:58","guid":{"rendered":"https:\/\/deutschcolor.com\/sr\/?post_type=product&#038;p=24036"},"modified":"2019-07-12T10:36:23","modified_gmt":"2019-07-12T10:36:23","slug":"decocem","status":"publish","type":"product","link":"https:\/\/deutschcolor.com\/sr\/product\/decocem\/","title":{"rendered":"DECOCEM"},"content":{"rendered":"<p><strong>Karakteristike<\/strong><br \/>\n&#8211; Glatku zavr\u0161nu povr\u0161inu.<br \/>\n&#8211; Otpornost na abraziju.<br \/>\n&#8211; Vrlo dobro povezivanje sa podlogom.<br \/>\n&#8211; Poseban estetski rezultat.<br \/>\n&#8211; Klasifikovan je kao PCC R3 malter za konkretne popravke, prema EN<br \/>\n1504-3, kao i materijal za premazivanje za CT-C25-F6-AR2, u skladu sa<br \/>\nEN 13813.<\/p>\n<p><strong>Preporuke za upotrebu<\/strong><br \/>\nMicrotec AES se koristi kao dekorativni premaz u sredinama kao \u0161to su<br \/>\nstepenice, podovi, zidovi i specijalne konstrukcije, kao \u0161to su integrisani<br \/>\nkreveti, toaleti (tu\u0161 kabine, sudoperi, itd.). Mo\u017ee se primenjivati u<br \/>\nzatvorenom ili otvorenom prostoru, kod kuc\u0301e, u hotelima ili bilo gde gde je<br \/>\npotreban poseban estetski rezultat.<\/p>\n<p>###<\/p>\n<p><strong>Priprema proizvoda<\/strong><br \/>\nMicrotec AES se postepeno dodaje u vodi uz stalno me\u0161anje dok se ne<br \/>\nstvori smesa \u017eeljene obradivosti i bez grumena i zrnaca.<\/p>\n<p>Nano\u0161enje<br \/>\nProizvod se nanosi ravnom gla\u010dalicom u debljini 1-3 mm u 1 ili 2 sloja.<br \/>\nKada se stvrdne, mo\u017ee se brusiti ili izgladiti, zavisno od \u017eeljene zavr\u0161ne<br \/>\npovr\u0161ine. Dva ili tri dana nakon nano\u0161enja, ukoliko je povr\u0161ina potpuno<br \/>\nosu\u0161ena, nanosi se za\u0161titni sloj na bazi epoksida ili poliuretana. Microtec<br \/>\nAES se mo\u017ee obojiti visokokvalitetnim neorganskim pigmentima Colorcem.<\/p>\n<p><strong>Skladi\u0161tenje<\/strong><br \/>\n12 meseci od datuma proizvodnje, ako se \u010duva u originalnoj, neotvorenoj<br \/>\nambala\u017ei, na mestima za\u0161tic\u0301enim od vlage i mraza.<\/p>\n","protected":false},"excerpt":{"rendered":"<p>Dekorativni premaz na bazi cementa i specijalnih lepkova<br \/>\nza obradu podova i zidova<\/p>\n","protected":false},"featured_media":24602,"template":"","meta":[],"_links":{"self":[{"href":"https:\/\/deutschcolor.com\/sr\/wp-json\/wp\/v2\/product\/24036"}],"collection":[{"href":"https:\/\/deutschcolor.com\/sr\/wp-json\/wp\/v2\/product"}],"about":[{"href":"https:\/\/deutschcolor.com\/sr\/wp-json\/wp\/v2\/types\/product"}],"wp:featuredmedia":[{"embeddable":true,"href":"https:\/\/deutschcolor.com\/sr\/wp-json\/wp\/v2\/media\/24602"}],"wp:attachment":[{"href":"https:\/\/deutschcolor.com\/sr\/wp-json\/wp\/v2\/media?parent=24036"}],"curies":[{"name":"wp","href":"https:\/\/api.w.org\/{rel}","templated":true}]}}