{"id":24128,"date":"2019-06-11T07:53:20","date_gmt":"2019-06-11T07:53:20","guid":{"rendered":"https:\/\/deutschcolor.com\/sr\/?post_type=product&#038;p=24128"},"modified":"2019-07-12T10:53:54","modified_gmt":"2019-07-12T10:53:54","slug":"lx-economic","status":"publish","type":"product","link":"https:\/\/deutschcolor.com\/sr\/product\/lx-economic\/","title":{"rendered":"LX ECONOMIC"},"content":{"rendered":"<p><strong>Karakteristike<\/strong><br \/>\n\u2022 Ekonomi\u010dno re\u0161enje<br \/>\n\u2022 Bez olova ili hroma<br \/>\n\u2022 Dobro pokrivanje<br \/>\n\u2022 Dostupna u 13 boja<br \/>\n\u2022 Antikorozivna za\u0161tita<br \/>\n\u2022 Dobra obra\u0111iva\u010dka svojstva i dobar kvalitet poravnjavanja<\/p>\n<p><strong>Preporuke za upotrebu<\/strong><br \/>\nPreporu\u010duje se da se koristi kao boja na svim metalnim i drvenim<br \/>\npovr\u0161inama koje su namenjene za upotrebu u zatvorenim i otvorenim<br \/>\nokru\u017eenjima. Koristi se za farbanje metalnih konstrukcija kao \u0161to su<br \/>\nstepenice, metalne ograde, metalna vrata,itd. Koristi se za farbanje drvenih<br \/>\nograda, drvenim stepenica, drvenih rukohvata itd.<\/p>\n<p>###<\/p>\n<p><strong>Nano\u0161enje proizvoda<\/strong><br \/>\nProizvod LX Economic se nanosi vazdu\u0161nim pi\u0161toljem, \u010detkom ili valjkom.<br \/>\nPrvo sipajte pripremljen proizvod u jedno posu\u0111e. Posle toga koriste\u0107i<br \/>\nvazdu\u0161ni pi\u0161tolj nanesite proizvod na povr\u0161inu. Nanesite dva uzastupna<br \/>\nsloja kako se bi postiglo \u0161to bolje pokrivanje metalne povr\u0161ine. Uverite se<br \/>\nda ste dobili odgovaraju\u0107u debljinu sloja kako bi se postigla maksimalna<br \/>\nza\u0161tita metala. O\u010distite alat odjednom nakon upotrebe pomo\u0107u \u010dista\u010da na<br \/>\nbazi rastvara\u010da.<\/p>\n<p><strong>Skladi\u0161tenje<\/strong><br \/>\n24 meseca, pod uslovom da su limenke zatvorene i da se \u010duvaju u<br \/>\nnormalnim uslovima.<\/p>\n<p><strong>Napomene<\/strong><br \/>\n\u2022 Preporu\u010duje se da se izbegne upotreba na temperaturama ni\u017eim od 5\u00baC<\/p>\n","protected":false},"excerpt":{"rendered":"<p>Boja za metale , veoma ekonomi\u010dna, dobrim svojstvima<br \/>\npokrivanja i poravnjavanja.<\/p>\n","protected":false},"featured_media":24649,"template":"","meta":[],"_links":{"self":[{"href":"https:\/\/deutschcolor.com\/sr\/wp-json\/wp\/v2\/product\/24128"}],"collection":[{"href":"https:\/\/deutschcolor.com\/sr\/wp-json\/wp\/v2\/product"}],"about":[{"href":"https:\/\/deutschcolor.com\/sr\/wp-json\/wp\/v2\/types\/product"}],"wp:featuredmedia":[{"embeddable":true,"href":"https:\/\/deutschcolor.com\/sr\/wp-json\/wp\/v2\/media\/24649"}],"wp:attachment":[{"href":"https:\/\/deutschcolor.com\/sr\/wp-json\/wp\/v2\/media?parent=24128"}],"curies":[{"name":"wp","href":"https:\/\/api.w.org\/{rel}","templated":true}]}}