{"id":24149,"date":"2019-06-11T08:04:07","date_gmt":"2019-06-11T08:04:07","guid":{"rendered":"https:\/\/deutschcolor.com\/sr\/?post_type=product&#038;p=24149"},"modified":"2019-07-12T10:55:01","modified_gmt":"2019-07-12T10:55:01","slug":"faust-lack-sn","status":"publish","type":"product","link":"https:\/\/deutschcolor.com\/sr\/product\/faust-lack-sn\/","title":{"rendered":"FAUST LACK SN"},"content":{"rendered":"<p><strong>Karakteristike<\/strong><br \/>\n\u2022 Superiorna belina<br \/>\n\u2022 Savr\u0161ena povr\u0161ina<br \/>\n\u2022 Odli\u010dno pokrivanje<br \/>\n\u2022 Savr\u0161eno obra\u0111ivanje i poravnjavanje<br \/>\n\u2022 Sadr\u017ei dodatke protiv \u017eu\u0107enja<br \/>\n\u2022 Dostupna u 4 baze W, P, D i TR<br \/>\n\u2022 Pigmentiraju\u0107a po sistemu DCTS<br \/>\n\u2022 \u010cvrsto prianjanje i brzo su\u0161enje<\/p>\n<p><strong>Preporuke za upotrebu<\/strong><br \/>\nPreporu\u010duje se da se koristi kao boja na svim metalnim i drvenim<br \/>\npovr\u0161inama koje su namenjene za upotrebu u zatvorenim i otvorenim<br \/>\nokru\u017eenjima. Koristi se za farbanje metalnih konstrukcija kao \u0161to su<br \/>\nstepenice, metalne ograde, metalna vrata,itd. Koristi se za farbanje drvenih<br \/>\nograda, drvenim stepenica, drvenih rukohvata itd.<\/p>\n<p>###<\/p>\n<p><strong>Skladi\u0161tenje<\/strong><br \/>\n36 meseci, pod uslovom da su limenke zatvorene i da se \u010duvaju u<br \/>\nnormalnim uslovima.<\/p>\n<p><strong>Napomene<\/strong><br \/>\n\u2022 Preporu\u010duje se da se izbegne upotreba na temperaturama ni\u017eim od 5\u00baC.<br \/>\n\u2022 Baze Faust Lack GL koriste se samo za proizvodnju nijansa u boji prema sistemu DCTS.<\/p>\n<p><strong>Potro\u0161nja<\/strong>: 8 &#8211; 9m\u00b2\/lt<\/p>\n<p><strong>Pakovanje<\/strong>: Metalni kontejner 0.75lt\/<\/p>\n","protected":false},"excerpt":{"rendered":"<p>Polusjajna boja na bazi vode, najinovativnijom i ekolo\u0161kom formulom Wasser Protect, za drvo i metale<\/p>\n","protected":false},"featured_media":24654,"template":"","meta":[],"_links":{"self":[{"href":"https:\/\/deutschcolor.com\/sr\/wp-json\/wp\/v2\/product\/24149"}],"collection":[{"href":"https:\/\/deutschcolor.com\/sr\/wp-json\/wp\/v2\/product"}],"about":[{"href":"https:\/\/deutschcolor.com\/sr\/wp-json\/wp\/v2\/types\/product"}],"wp:featuredmedia":[{"embeddable":true,"href":"https:\/\/deutschcolor.com\/sr\/wp-json\/wp\/v2\/media\/24654"}],"wp:attachment":[{"href":"https:\/\/deutschcolor.com\/sr\/wp-json\/wp\/v2\/media?parent=24149"}],"curies":[{"name":"wp","href":"https:\/\/api.w.org\/{rel}","templated":true}]}}