{"id":24150,"date":"2019-06-11T08:05:39","date_gmt":"2019-06-11T08:05:39","guid":{"rendered":"https:\/\/deutschcolor.com\/sr\/?post_type=product&#038;p=24150"},"modified":"2019-08-28T14:50:32","modified_gmt":"2019-08-28T14:50:32","slug":"waagen-10-h","status":"publish","type":"product","link":"https:\/\/deutschcolor.com\/sr\/product\/waagen-10-h\/","title":{"rendered":"WAAGEN 10- H"},"content":{"rendered":"<p><strong>Karakteristike<\/strong><br \/>\n\u2022 Bez olova i hroma<br \/>\n\u2022 Dostupna u 12 boja<br \/>\n\u2022 Potpuna za\u0161tita od korozije<br \/>\n\u2022 Odli\u010dna obra\u0111iva\u010dka svojstva<br \/>\n\u2022 \u010cvrsto prianjanje i brzo su\u0161enje<br \/>\n\u2022 Visoko otpornost na koroziju<\/p>\n<p><strong>Preporuke za upotrebu<\/strong><br \/>\nPreporu\u010duje se da se koristi kao boja na svim metalnim i drvenim<br \/>\npovr\u0161inama koje su namenjene za upotrebu u zatvorenim i uglavnom<br \/>\notvorenim okru\u017eenjima gde se tra\u017ei ukrasni efekat.<\/p>\n<p>###<\/p>\n<p><strong>Skladi\u0161tenje<\/strong><br \/>\n36 meseci, pod uslovom da su limenke zatvorene i da se \u010duvaju u<br \/>\nnormalnim uslovima.<\/p>\n<p><strong>Napomene<\/strong><br \/>\n\u2022 Preporu\u010duje se da se izbegne upotreba na temperaturama ni\u017eim od 5\u00baC.<\/p>\n<p><strong>Potro\u0161nja<\/strong>: 12- 14m\u00b2\/lt<\/p>\n<p><strong>Pakovanje<\/strong>: Metalni kontejner 0.75lt\/3lt<\/p>\n","protected":false},"excerpt":{"rendered":"<p>Boja za metale, dekorativnim efektom, odli\u010dnom otporno\u0161\u0107u<br \/>\ni visokim sjajem.<\/p>\n","protected":false},"featured_media":24742,"template":"","meta":[],"_links":{"self":[{"href":"https:\/\/deutschcolor.com\/sr\/wp-json\/wp\/v2\/product\/24150"}],"collection":[{"href":"https:\/\/deutschcolor.com\/sr\/wp-json\/wp\/v2\/product"}],"about":[{"href":"https:\/\/deutschcolor.com\/sr\/wp-json\/wp\/v2\/types\/product"}],"wp:featuredmedia":[{"embeddable":true,"href":"https:\/\/deutschcolor.com\/sr\/wp-json\/wp\/v2\/media\/24742"}],"wp:attachment":[{"href":"https:\/\/deutschcolor.com\/sr\/wp-json\/wp\/v2\/media?parent=24150"}],"curies":[{"name":"wp","href":"https:\/\/api.w.org\/{rel}","templated":true}]}}