{"id":24151,"date":"2019-06-11T08:07:04","date_gmt":"2019-06-11T08:07:04","guid":{"rendered":"https:\/\/deutschcolor.com\/sr\/?post_type=product&#038;p=24151"},"modified":"2019-07-12T10:55:31","modified_gmt":"2019-07-12T10:55:31","slug":"metal-accent-silver","status":"publish","type":"product","link":"https:\/\/deutschcolor.com\/sr\/product\/metal-accent-silver\/","title":{"rendered":"METAL ACCENT SILVER"},"content":{"rendered":"<p><strong>Karakteristike<\/strong><br \/>\n\u2022 Bez olova ili hroma<br \/>\n\u2022 Sadr\u017ei metalne pigmente<br \/>\n\u2022 Savr\u0161ena za\u0161tita od korozije<br \/>\n\u2022 \u010cvrsto prianjanje i brzo su\u0161enje<br \/>\n\u2022 Otporna na visokim temperaturama (do 200\u00b0C)<\/p>\n<p><strong>Preporuke za upotrebu<\/strong><br \/>\nPreporu\u010duje se da se koristi na svim metalnim povrr\u0161inama namenjenim<br \/>\nza upotrebu u unutra\u0161njem ili spolja\u0161njem okru\u017eenju a nalaze se pod<br \/>\nefektom visokih temperatura. Koristi se za farbanje metalnih konstrukcija<br \/>\nkao \u0161to su od\u017eaci, \u0161poreti, itd.<\/p>\n<p>###<\/p>\n<p><strong>Skladi\u0161tenje<\/strong><br \/>\n36 meseci, pod uslovom da su limenke zatvorene i da se \u010duvaju u<br \/>\nnormalnim uslovima.<\/p>\n<p><strong>Napomene<\/strong><br \/>\n\u2022 Preporu\u010duje se da se izbegne upotreba na temperaturama ni\u017eim od 5\u00baC .<\/p>\n<p><strong>Pakovanje<\/strong><br \/>\nMetalni kontejner 0.180lt\/<\/p>\n","protected":false},"excerpt":{"rendered":"<p>Vatrostalna boja aluminijske nijanse za farbanje cevi,<br \/>\notporna na visoke temperature.<\/p>\n","protected":false},"featured_media":24656,"template":"","meta":[],"_links":{"self":[{"href":"https:\/\/deutschcolor.com\/sr\/wp-json\/wp\/v2\/product\/24151"}],"collection":[{"href":"https:\/\/deutschcolor.com\/sr\/wp-json\/wp\/v2\/product"}],"about":[{"href":"https:\/\/deutschcolor.com\/sr\/wp-json\/wp\/v2\/types\/product"}],"wp:featuredmedia":[{"embeddable":true,"href":"https:\/\/deutschcolor.com\/sr\/wp-json\/wp\/v2\/media\/24656"}],"wp:attachment":[{"href":"https:\/\/deutschcolor.com\/sr\/wp-json\/wp\/v2\/media?parent=24151"}],"curies":[{"name":"wp","href":"https:\/\/api.w.org\/{rel}","templated":true}]}}