{"id":24152,"date":"2019-06-11T08:10:58","date_gmt":"2019-06-11T08:10:58","guid":{"rendered":"https:\/\/deutschcolor.com\/sr\/?post_type=product&#038;p=24152"},"modified":"2019-07-12T10:56:01","modified_gmt":"2019-07-12T10:56:01","slug":"epo-farbe-sv","status":"publish","type":"product","link":"https:\/\/deutschcolor.com\/sr\/product\/epo-farbe-sv\/","title":{"rendered":"EPO FARBE SV"},"content":{"rendered":"<p><strong>Karakteristike<\/strong><br \/>\n\u2022 Otporna na UV<br \/>\n\u2022 Visoki sjaj<br \/>\n\u2022 Odli\u010dno prianjanje<br \/>\n\u2022 Prianjanje na alkidnoj boji<br \/>\n\u2022 Prianjanje na r\u0111u<br \/>\n\u2022 Prodorna na zar\u0111alim povr\u0161inama<br \/>\n\u2022 Hemijska otpornost na koroziju i vodu<\/p>\n<p><strong>Preporuke za upotrebu<\/strong><br \/>\nPreporu\u010duje se da se koristi na svim metalnim povrr\u0161inama namenjenim za<br \/>\nupotrebu u unutra\u0161njem ili uglavnom u spolja\u0161njem okru\u017eenju. Koristi se<br \/>\nnaro\u010dito u slu\u010dajevima kada su metalne povr\u0161ine izlo\u017eene koroziji. Koristi<br \/>\nse za farbanje metalnih konstrukcija namenjenih za upotrebu u industrijskim<br \/>\nokru\u017eenjima kao \u0161to su silosi, stepenice, mostovi, metalnim tankerima,<br \/>\nma\u0161inama itd.Preporu\u010duje se da se koristi uglavnom u morskoj industriji za<br \/>\nfarbanje transportnih vozila, brodova, ma\u0161inama koje rade u lukama itd.<\/p>\n<p>###<\/p>\n<p><strong>Skladi\u0161tenje<\/strong><br \/>\n36 meseci, pod uslovom da su limenke zatvorene i da se \u010duvaju u normalnim<br \/>\nuslovima.<\/p>\n<p><strong>Napomene<\/strong><br \/>\n\u2022 Preporu\u010duje se da se izbegne upotreba na temperaturama ni\u017eim od 5\u00baC.<\/p>\n<p><strong>Pakovanje<\/strong><br \/>\nMetalni kontejner 0.75lt\/<\/p>\n","protected":false},"excerpt":{"rendered":"<p>Dvokomponentna epoksidna boja za metalne povr\u0161ine,<br \/>\ndostupna u raznim bojama.<\/p>\n","protected":false},"featured_media":24657,"template":"","meta":[],"_links":{"self":[{"href":"https:\/\/deutschcolor.com\/sr\/wp-json\/wp\/v2\/product\/24152"}],"collection":[{"href":"https:\/\/deutschcolor.com\/sr\/wp-json\/wp\/v2\/product"}],"about":[{"href":"https:\/\/deutschcolor.com\/sr\/wp-json\/wp\/v2\/types\/product"}],"wp:featuredmedia":[{"embeddable":true,"href":"https:\/\/deutschcolor.com\/sr\/wp-json\/wp\/v2\/media\/24657"}],"wp:attachment":[{"href":"https:\/\/deutschcolor.com\/sr\/wp-json\/wp\/v2\/media?parent=24152"}],"curies":[{"name":"wp","href":"https:\/\/api.w.org\/{rel}","templated":true}]}}