{"id":24154,"date":"2019-06-11T08:13:29","date_gmt":"2019-06-11T08:13:29","guid":{"rendered":"https:\/\/deutschcolor.com\/sr\/?post_type=product&#038;p=24154"},"modified":"2019-07-12T10:56:26","modified_gmt":"2019-07-12T10:56:26","slug":"auto-glassur-2k","status":"publish","type":"product","link":"https:\/\/deutschcolor.com\/sr\/product\/auto-glassur-2k\/","title":{"rendered":"AUTO GLASSUR 2K"},"content":{"rendered":"<p><strong>Karakteristike<\/strong><br \/>\n\u2022 Mehani\u010dka otpornost<br \/>\n\u2022 Otpornost na ogrebotine<br \/>\n\u2022 Visoka hemijska otpornost<br \/>\n\u2022 Nanosi se na metalnoj boji<br \/>\n\u2022 Dobar poliraju\u0107i i dugotrajan efekat<br \/>\n<strong>Preporuke za upotrebu<\/strong><br \/>\nPreporu\u010duje se da se koristi se ugralvnom u automobiliskoj industriji za<br \/>\nfarbanje putni\u010dkih vozila, auta, lamiona, motocikala, itd.<\/p>\n<p>###<\/p>\n<p><strong>Skladi\u0161tenje<\/strong><br \/>\n36 meseci, pod uslovom da su limenke zatvorene i da se \u010duvaju u<br \/>\nnormalnim uslovima.<\/p>\n<p><strong>Napomene<\/strong><br \/>\n\u2022 Preporu\u010duje se da se izbegne upotreba na temperaturama ni\u017eim od 5\u00baC.<\/p>\n<p><strong>Pakovanje<\/strong>: Metalni kontejner 0.75lt\/<\/p>\n","protected":false},"excerpt":{"rendered":"<p>Dvokomponenti visokokvalitetni lak za metalne<br \/>\npovr\u0161ine,na bazi epoksida i sadr\u017eaja rastvara\u010da<\/p>\n","protected":false},"featured_media":24659,"template":"","meta":[],"_links":{"self":[{"href":"https:\/\/deutschcolor.com\/sr\/wp-json\/wp\/v2\/product\/24154"}],"collection":[{"href":"https:\/\/deutschcolor.com\/sr\/wp-json\/wp\/v2\/product"}],"about":[{"href":"https:\/\/deutschcolor.com\/sr\/wp-json\/wp\/v2\/types\/product"}],"wp:featuredmedia":[{"embeddable":true,"href":"https:\/\/deutschcolor.com\/sr\/wp-json\/wp\/v2\/media\/24659"}],"wp:attachment":[{"href":"https:\/\/deutschcolor.com\/sr\/wp-json\/wp\/v2\/media?parent=24154"}],"curies":[{"name":"wp","href":"https:\/\/api.w.org\/{rel}","templated":true}]}}