{"id":24159,"date":"2019-06-11T08:18:41","date_gmt":"2019-06-11T08:18:41","guid":{"rendered":"https:\/\/deutschcolor.com\/sr\/?post_type=product&#038;p=24159"},"modified":"2019-07-12T10:57:19","modified_gmt":"2019-07-12T10:57:19","slug":"mardelux-2k","status":"publish","type":"product","link":"https:\/\/deutschcolor.com\/sr\/product\/mardelux-2k\/","title":{"rendered":"MARDELUX 2K"},"content":{"rendered":"<p><strong>Karakteristike<\/strong><br \/>\n\u2022 Brzo su\u0161enje<br \/>\n\u2022 Savr\u0161en sjaj<br \/>\n\u2022 Visoka fleksibilnost<br \/>\n\u2022 Hemijski otpor<br \/>\n\u2022 Odli\u010dno prianjanje<br \/>\n\u2022 Dugotrajan sjaj<br \/>\n\u2022 Otporna na slanu vodu<br \/>\n\u2022 Visoko otporna na koroziju (potro\u0161nju)<\/p>\n<p><strong>Preporuke za upotrebu<\/strong><br \/>\nPreporu\u010duje se uglavnom u automobilskoj industriji, za farbanje<br \/>\nRekomandohet t\u00eb p\u00ebrdoret kryesisht n\u00eb industrin\u00eb automobilistike morskih<br \/>\nplovila i vazduhoplova.<\/p>\n<p>###<\/p>\n<p><strong>Skladi\u0161tenje<\/strong><br \/>\n36 meseci, pod uslovom da su limenke zatvorene i da se \u010duvaju u<br \/>\nnormalnim uslovima.<\/p>\n<p><strong>Napomene<\/strong><br \/>\n\u2022 Preporu\u010duje se da se izbegne upotreba na temperaturama ni\u017eim od 5\u00baC.<\/p>\n<p><strong>Pakovanje<\/strong>: Metalni kontejner 0.75lt<\/p>\n","protected":false},"excerpt":{"rendered":"<p>Akrilna dvokomponentna boja za povr\u0161ine izlo\u017eene<br \/>\nte\u0161kim atmosferskim uslovima.<\/p>\n","protected":false},"featured_media":24663,"template":"","meta":[],"_links":{"self":[{"href":"https:\/\/deutschcolor.com\/sr\/wp-json\/wp\/v2\/product\/24159"}],"collection":[{"href":"https:\/\/deutschcolor.com\/sr\/wp-json\/wp\/v2\/product"}],"about":[{"href":"https:\/\/deutschcolor.com\/sr\/wp-json\/wp\/v2\/types\/product"}],"wp:featuredmedia":[{"embeddable":true,"href":"https:\/\/deutschcolor.com\/sr\/wp-json\/wp\/v2\/media\/24663"}],"wp:attachment":[{"href":"https:\/\/deutschcolor.com\/sr\/wp-json\/wp\/v2\/media?parent=24159"}],"curies":[{"name":"wp","href":"https:\/\/api.w.org\/{rel}","templated":true}]}}