{"id":24161,"date":"2019-06-11T08:21:00","date_gmt":"2019-06-11T08:21:00","guid":{"rendered":"https:\/\/deutschcolor.com\/sr\/?post_type=product&#038;p=24161"},"modified":"2019-07-12T10:58:00","modified_gmt":"2019-07-12T10:58:00","slug":"6000c-plus","status":"publish","type":"product","link":"https:\/\/deutschcolor.com\/sr\/product\/6000c-plus\/","title":{"rendered":"6000C PLUS"},"content":{"rendered":"<p><strong>Karakteristike<\/strong><br \/>\n\u2022 \u010cvrsto prianjanje<br \/>\n\u2022 Dostupna u 20 boja<br \/>\n\u2022 Veoma \u010dvrst sloj<br \/>\n\u2022 Otporna na visokim temperaturama do 6000C<\/p>\n<p><strong>Preporuke za upotrebu<\/strong><br \/>\nPogodna za metalne povr\u0161ine kao \u0161to su \u0161poreti, od\u017eaci, auspuhove<br \/>\nkao i industrijskoj upotrebi kada je potrebna otpornost na visokim<br \/>\ntemperaturama.<\/p>\n<p>###<\/p>\n<p><strong>Skladi\u0161tenje<\/strong><br \/>\n36 meseci, pod uslovom da su limenke zatvorene i da se \u010duvaju u<br \/>\nnormalnim uslovima.<\/p>\n<p><strong>Napomene<\/strong><br \/>\n\u2022 Preporu\u010duje se da se izbegne upotreba na temperaturama ni\u017eim od 5\u00baC.<br \/>\n\u2022 Proizvod se nanosi bez potrebe za nano\u0161enje premaza.<\/p>\n<p><strong>Pakovanje<\/strong>: Metalni kontejner 0.75lt<\/p>\n","protected":false},"excerpt":{"rendered":"<p>Metalna boja otporna na visokim temperaturama.<\/p>\n","protected":false},"featured_media":24666,"template":"","meta":[],"_links":{"self":[{"href":"https:\/\/deutschcolor.com\/sr\/wp-json\/wp\/v2\/product\/24161"}],"collection":[{"href":"https:\/\/deutschcolor.com\/sr\/wp-json\/wp\/v2\/product"}],"about":[{"href":"https:\/\/deutschcolor.com\/sr\/wp-json\/wp\/v2\/types\/product"}],"wp:featuredmedia":[{"embeddable":true,"href":"https:\/\/deutschcolor.com\/sr\/wp-json\/wp\/v2\/media\/24666"}],"wp:attachment":[{"href":"https:\/\/deutschcolor.com\/sr\/wp-json\/wp\/v2\/media?parent=24161"}],"curies":[{"name":"wp","href":"https:\/\/api.w.org\/{rel}","templated":true}]}}