{"id":24162,"date":"2019-06-11T08:28:35","date_gmt":"2019-06-11T08:28:35","guid":{"rendered":"https:\/\/deutschcolor.com\/sr\/?post_type=product&#038;p=24162"},"modified":"2019-07-12T10:58:13","modified_gmt":"2019-07-12T10:58:13","slug":"white-spirit","status":"publish","type":"product","link":"https:\/\/deutschcolor.com\/sr\/product\/white-spirit\/","title":{"rendered":"WHITE SPIRIT"},"content":{"rendered":"<p><strong>Karakteristike<\/strong><br \/>\n\u2022 Bezbojni rastvara\u010d<br \/>\n\u2022 Idelan za smalt boje<br \/>\n\u2022 Otporan na \u017eu\u0107enje<br \/>\n\u2022 Pobol\u0161ava protok i nano\u0161enje boje<br \/>\n\u2022 Mo\u017ee se koristiti za \u010di\u0161\u0107enje alata<\/p>\n<p><strong>Preporuke za upotrebu<\/strong><br \/>\nWhite Spirit je bezbojni rastvara\u010d za razbla\u017eivanje ukrasnih i smalt boja<br \/>\nkoje se nanose \u010detkom, vazdu\u0161nim pi\u0161toljem ili valjkom.<\/p>\n<p>###<br \/>\n<strong>Skladi\u0161tenje<\/strong><br \/>\n24 meseca, pod uslovom da su limenke zatvorene i da se \u010duvaju u<br \/>\nnormalnim uslovima.<\/p>\n<p><strong>Napomene<\/strong><br \/>\n\u2022 Za\u0161tititi od mraza,ne koristi se na temperature ni\u017eoj od 5\u00b0C.<\/p>\n<p><strong>Pakovanje<\/strong><br \/>\nMetalni kontejner 1lt<\/p>\n","protected":false},"excerpt":{"rendered":"<p>Rastvara\u010d za alkidne proizvode normalnog su\u0161enja.<\/p>\n","protected":false},"featured_media":24667,"template":"","meta":[],"_links":{"self":[{"href":"https:\/\/deutschcolor.com\/sr\/wp-json\/wp\/v2\/product\/24162"}],"collection":[{"href":"https:\/\/deutschcolor.com\/sr\/wp-json\/wp\/v2\/product"}],"about":[{"href":"https:\/\/deutschcolor.com\/sr\/wp-json\/wp\/v2\/types\/product"}],"wp:featuredmedia":[{"embeddable":true,"href":"https:\/\/deutschcolor.com\/sr\/wp-json\/wp\/v2\/media\/24667"}],"wp:attachment":[{"href":"https:\/\/deutschcolor.com\/sr\/wp-json\/wp\/v2\/media?parent=24162"}],"curies":[{"name":"wp","href":"https:\/\/api.w.org\/{rel}","templated":true}]}}