{"id":24257,"date":"2019-06-11T10:35:31","date_gmt":"2019-06-11T10:35:31","guid":{"rendered":"https:\/\/deutschcolor.com\/sr\/?post_type=product&#038;p=24257"},"modified":"2019-07-12T11:20:23","modified_gmt":"2019-07-12T11:20:23","slug":"plasticne-tiple","status":"publish","type":"product","link":"https:\/\/deutschcolor.com\/sr\/product\/plasticne-tiple\/","title":{"rendered":"PLASTI\u010cNE TIPLE"},"content":{"rendered":"<p><strong>PLASTI\u010cNE TIPLE<\/strong><br \/>\nMetalne tiple za pri\u010dvr\u0161\u0107ivanje plo\u010da od polistirena, staklene vune ili kamene vune s unutarnjim metalnim<br \/>\npri\u010dvrsnim elementima i vanjskim plasti\u010dnim slojevima.<\/p>\n<p><strong>Ime<\/strong><br \/>\nAN-100M \u00d8 10 sa \u010deli\u010dnim vrhom<br \/>\nAN-120M \u00d8 12 sa \u010deli\u010dnim vrhom<br \/>\nAN-140M \u00d8 14 sa \u010deli\u010dnim vrhom<br \/>\nAN-160M \u00d8 16 sa \u010deli\u010dnim vrhom<\/p>\n<p>###<\/p>\n<p><strong>Pakovanje<\/strong><br \/>\n200 kom \/ kutija<\/p>\n<p><strong>Komadi \/ paleta<\/strong><br \/>\n48 Komadi \/ paleta<\/p>\n<p><strong>Boje \/ Ostale specifikacije<\/strong><br \/>\n10 cm<br \/>\n12 cm<br \/>\n14 cm<br \/>\n16 cm<\/p>\n","protected":false},"excerpt":{"rendered":"<p>Metalne tiple za pri\u010dvr\u0161\u0107ivanje plo\u010da od polistirena, staklene vune ili kamene vune s unutarnjim metalnim<br \/>\npri\u010dvrsnim elementima i vanjskim plasti\u010dnim slojevima.<\/p>\n","protected":false},"featured_media":24707,"template":"","meta":[],"_links":{"self":[{"href":"https:\/\/deutschcolor.com\/sr\/wp-json\/wp\/v2\/product\/24257"}],"collection":[{"href":"https:\/\/deutschcolor.com\/sr\/wp-json\/wp\/v2\/product"}],"about":[{"href":"https:\/\/deutschcolor.com\/sr\/wp-json\/wp\/v2\/types\/product"}],"wp:featuredmedia":[{"embeddable":true,"href":"https:\/\/deutschcolor.com\/sr\/wp-json\/wp\/v2\/media\/24707"}],"wp:attachment":[{"href":"https:\/\/deutschcolor.com\/sr\/wp-json\/wp\/v2\/media?parent=24257"}],"curies":[{"name":"wp","href":"https:\/\/api.w.org\/{rel}","templated":true}]}}