{"id":24274,"date":"2019-06-12T07:23:41","date_gmt":"2019-06-12T07:23:41","guid":{"rendered":"https:\/\/deutschcolor.com\/sr\/?post_type=product&#038;p=24274"},"modified":"2019-07-12T11:21:55","modified_gmt":"2019-07-12T11:21:55","slug":"termostart-83","status":"publish","type":"product","link":"https:\/\/deutschcolor.com\/sr\/product\/termostart-83\/","title":{"rendered":"TERMOSTART 83"},"content":{"rendered":"<p><strong>TERMOSTART 83<\/strong><br \/>\nPo\u010detni profil za sistem toplotne izolacije sa PVC elementom oja\u010danim mre\u017eom od 145 grama, otpornost na alkalije i profil cinka. 0.5 du\u017eine 2.0m.<\/p>\n<p><strong>Pakovanje<\/strong><br \/>\n10 kom \/ kutija<\/p>\n<p>###<\/p>\n<p><strong>Komadi \/ paleta<\/strong><br \/>\n40 Komadi \/ paleta<\/p>\n<p><strong>Boje \/ Ostale specifikacije<\/strong><br \/>\n2.0 ml\/83mm<\/p>\n","protected":false},"excerpt":{"rendered":"<p>Po\u010detni profil za sistem toplotne izolacije sa PVC elementom oja\u010danim mre\u017eom od 145 grama, otpornost na alkalije i profil cinka. 0.5 du\u017eine 2.0m.<\/p>\n","protected":false},"featured_media":24711,"template":"","meta":[],"_links":{"self":[{"href":"https:\/\/deutschcolor.com\/sr\/wp-json\/wp\/v2\/product\/24274"}],"collection":[{"href":"https:\/\/deutschcolor.com\/sr\/wp-json\/wp\/v2\/product"}],"about":[{"href":"https:\/\/deutschcolor.com\/sr\/wp-json\/wp\/v2\/types\/product"}],"wp:featuredmedia":[{"embeddable":true,"href":"https:\/\/deutschcolor.com\/sr\/wp-json\/wp\/v2\/media\/24711"}],"wp:attachment":[{"href":"https:\/\/deutschcolor.com\/sr\/wp-json\/wp\/v2\/media?parent=24274"}],"curies":[{"name":"wp","href":"https:\/\/api.w.org\/{rel}","templated":true}]}}