{"id":24275,"date":"2019-06-12T07:25:02","date_gmt":"2019-06-12T07:25:02","guid":{"rendered":"https:\/\/deutschcolor.com\/sr\/?post_type=product&#038;p=24275"},"modified":"2019-07-12T11:23:02","modified_gmt":"2019-07-12T11:23:02","slug":"termostart-103","status":"publish","type":"product","link":"https:\/\/deutschcolor.com\/sr\/product\/termostart-103\/","title":{"rendered":"TERMOSTART 103"},"content":{"rendered":"<p><strong>TERMOSTART 103<\/strong><br \/>\nPo\u010detni profil za sistem toplotne izolacije sa PVC elementom oja\u010danim mre\u017eom od 145 grama, otpornost na alkalije i profil cinka. 0.5 du\u017eine 2.0m.<\/p>\n<p><strong>Pakovanje<\/strong><br \/>\n10 kom \/ kutija<\/p>\n<p>###<\/p>\n<p><strong>Komadi \/ paleta<\/strong><br \/>\n40 Komadi \/ paleta<\/p>\n<p><strong>Boje \/ Ostale specifikacije<\/strong><br \/>\n2.0 ml\/103mm<\/p>\n","protected":false},"excerpt":{"rendered":"<p>Po\u010detni profil za sistem toplotne izolacije sa PVC elementom oja\u010danim mre\u017eom od 145 grama, otpornost na alkalije i profil cinka. 0.5 du\u017eine 2.0m.<\/p>\n","protected":false},"featured_media":24712,"template":"","meta":[],"_links":{"self":[{"href":"https:\/\/deutschcolor.com\/sr\/wp-json\/wp\/v2\/product\/24275"}],"collection":[{"href":"https:\/\/deutschcolor.com\/sr\/wp-json\/wp\/v2\/product"}],"about":[{"href":"https:\/\/deutschcolor.com\/sr\/wp-json\/wp\/v2\/types\/product"}],"wp:featuredmedia":[{"embeddable":true,"href":"https:\/\/deutschcolor.com\/sr\/wp-json\/wp\/v2\/media\/24712"}],"wp:attachment":[{"href":"https:\/\/deutschcolor.com\/sr\/wp-json\/wp\/v2\/media?parent=24275"}],"curies":[{"name":"wp","href":"https:\/\/api.w.org\/{rel}","templated":true}]}}